{"id":261,"date":"2023-06-12T11:59:40","date_gmt":"2023-06-12T14:59:40","guid":{"rendered":"https:\/\/mmmarketing.com.ar\/?page_id=261"},"modified":"2023-08-24T11:46:20","modified_gmt":"2023-08-24T14:46:20","slug":"comunicacion","status":"publish","type":"page","link":"https:\/\/mmmarketing.com.ar\/en\/comunicacion\/","title":{"rendered":"COMMUNICATION"},"content":{"rendered":"<div style=\"height:40px\" aria-hidden=\"true\" class=\"wp-block-spacer\"><\/div>\n\n\n\n<div class=\"wp-block-columns is-layout-flex wp-container-core-columns-is-layout-9d6595d7 wp-block-columns-is-layout-flex\">\n<div class=\"wp-block-column is-layout-flow wp-block-column-is-layout-flow\">\n<p class=\"has-text-align-center\" style=\"font-size:17px\">We are a full service design agency with more than 20 years of experience. We put our passion and all our dedication into every project. We are committed to achieving the best result and look for creative solutions for each project making them unique.<\/p>\n<\/div>\n<\/div>\n\n\n            <div class=\"oxi-addons-container noLightbox oxi-image-hover-wrapper-2\" id=\"oxi-image-hover-wrapper-2\">\n                <div class=\"oxi-addons-row\">\n                    \n            <div class=\"oxi-image-hover-style oxi-bt-col-lg-6 oxi-bt-col-md-12 oxi-bt-col-sm-12\" sa-data-animation=\"zoomIn\" sa-data-animation-offset=\"100%\" sa-data-animation-delay=\"0ms\" sa-data-animation-duration=\"1000ms\">\n                <div class=\"oxi-image-hover-style-general\">\n                    <div class=\"oxi-image-hover oxi-image-general-hover oxi-image-general-hover-style-1 oxi-image-general-hover-2-3\">\n                                                    <a  href=\"https:\/\/mmmarketing.com.ar\/en\/branding\/\" rel=\"nofollow\">\n                                                            <div class=\"oxi-image-hover-figure\">\n                                <div class=\"oxi-image-hover-image\">\n                                    <img decoding=\"async\" src=\"https:\/\/mmmarketing.com.ar\/wp-content\/uploads\/2023\/07\/branding.jpg\" >\n                                <\/div>\n                                <div class=\"oxi-image-hover-figure-caption\">\n                                    <div class=\"oxi-image-hover-caption-tab   image-hover-align-center-center\">\n                                                                                    <div class=\"oxi-image-hover-figure-heading\"><h3 class=\"oxi-image-hover-heading\">BRANDING<\/h3><\/div>\n                                                                                    <\/div>\n                                <\/div>\n                            <\/div>\n                                                        <\/a>\n\t\t\t\t\t\t\t\t                    <\/div>\n                <\/div> \n                            <\/div> \n            \n            <div class=\"oxi-image-hover-style oxi-bt-col-lg-6 oxi-bt-col-md-12 oxi-bt-col-sm-12\" sa-data-animation=\"zoomIn\" sa-data-animation-offset=\"100%\" sa-data-animation-delay=\"0ms\" sa-data-animation-duration=\"1000ms\">\n                <div class=\"oxi-image-hover-style-general\">\n                    <div class=\"oxi-image-hover oxi-image-general-hover oxi-image-general-hover-style-1 oxi-image-general-hover-2-4\">\n                                                    <a  href=\"https:\/\/mmmarketing.com.ar\/en\/advertising\/\" rel=\"nofollow\">\n                                                            <div class=\"oxi-image-hover-figure\">\n                                <div class=\"oxi-image-hover-image\">\n                                    <img decoding=\"async\" src=\"https:\/\/mmmarketing.com.ar\/wp-content\/uploads\/2023\/07\/advertising.jpg\" >\n                                <\/div>\n                                <div class=\"oxi-image-hover-figure-caption\">\n                                    <div class=\"oxi-image-hover-caption-tab   image-hover-align-center-center\">\n                                                                                    <div class=\"oxi-image-hover-figure-heading\"><h3 class=\"oxi-image-hover-heading\">ADVERTISING<\/h3><\/div>\n                                                                                    <\/div>\n                                <\/div>\n                            <\/div>\n                                                        <\/a>\n\t\t\t\t\t\t\t\t                    <\/div>\n                <\/div> \n                            <\/div> \n            \n            <div class=\"oxi-image-hover-style oxi-bt-col-lg-6 oxi-bt-col-md-12 oxi-bt-col-sm-12\" sa-data-animation=\"zoomIn\" sa-data-animation-offset=\"100%\" sa-data-animation-delay=\"0ms\" sa-data-animation-duration=\"1000ms\">\n                <div class=\"oxi-image-hover-style-general\">\n                    <div class=\"oxi-image-hover oxi-image-general-hover oxi-image-general-hover-style-1 oxi-image-general-hover-2-5\">\n                                                    <a  href=\"https:\/\/mmmarketing.com.ar\/en\/graphic-design\/\" rel=\"nofollow\">\n                                                            <div class=\"oxi-image-hover-figure\">\n                                <div class=\"oxi-image-hover-image\">\n                                    <img decoding=\"async\" src=\"https:\/\/mmmarketing.com.ar\/wp-content\/uploads\/2023\/07\/graphic.jpg\" >\n                                <\/div>\n                                <div class=\"oxi-image-hover-figure-caption\">\n                                    <div class=\"oxi-image-hover-caption-tab   image-hover-align-center-center\">\n                                                                                    <div class=\"oxi-image-hover-figure-heading\"><h3 class=\"oxi-image-hover-heading\">GRAPHIC DESIGN<\/h3><\/div>\n                                                                                    <\/div>\n                                <\/div>\n                            <\/div>\n                                                        <\/a>\n\t\t\t\t\t\t\t\t                    <\/div>\n                <\/div> \n                            <\/div> \n            \n            <div class=\"oxi-image-hover-style oxi-bt-col-lg-6 oxi-bt-col-md-12 oxi-bt-col-sm-12\" sa-data-animation=\"zoomIn\" sa-data-animation-offset=\"100%\" sa-data-animation-delay=\"0ms\" sa-data-animation-duration=\"1000ms\">\n                <div class=\"oxi-image-hover-style-general\">\n                    <div class=\"oxi-image-hover oxi-image-general-hover oxi-image-general-hover-style-1 oxi-image-general-hover-2-6\">\n                                                    <a  href=\"https:\/\/mmmarketing.com.ar\/en\/websites\/\" rel=\"nofollow\">\n                                                            <div class=\"oxi-image-hover-figure\">\n                                <div class=\"oxi-image-hover-image\">\n                                    <img decoding=\"async\" src=\"https:\/\/mmmarketing.com.ar\/wp-content\/uploads\/2023\/07\/web.jpg\" >\n                                <\/div>\n                                <div class=\"oxi-image-hover-figure-caption\">\n                                    <div class=\"oxi-image-hover-caption-tab   image-hover-align-center-center\">\n                                                                                    <div class=\"oxi-image-hover-figure-heading\"><h3 class=\"oxi-image-hover-heading\">WEBSITES<\/h3><\/div>\n                                                                                    <\/div>\n                                <\/div>\n                            <\/div>\n                                                        <\/a>\n\t\t\t\t\t\t\t\t                    <\/div>\n                <\/div> \n                            <\/div> \n                            <\/div>\n            <\/div>\n\t\t\t\n\n\n\n<div style=\"height:50px\" aria-hidden=\"true\" class=\"wp-block-spacer\"><\/div>","protected":false},"excerpt":{"rendered":"<p>We are a full service design agency with more than 20 years of experience. We put our passion and all our dedication into every project. We are committed to achieving the best result and look for creative solutions for each project making them unique.<\/p>","protected":false},"author":1,"featured_media":0,"parent":0,"menu_order":0,"comment_status":"closed","ping_status":"closed","template":"","meta":{"neve_meta_sidebar":"","neve_meta_container":"contained","neve_meta_enable_content_width":"off","neve_meta_content_width":70,"neve_meta_title_alignment":"","neve_meta_author_avatar":"","neve_post_elements_order":"","neve_meta_disable_header":"","neve_meta_disable_footer":"","neve_meta_disable_title":"on","_themeisle_gutenberg_block_has_review":false,"footnotes":""},"class_list":["post-261","page","type-page","status-publish","hentry"],"yoast_head":"<!-- This site is optimized with the Yoast SEO plugin v20.8 - https:\/\/yoast.com\/wordpress\/plugins\/seo\/ -->\n<title>Comunicaci\u00f3n - MM Marketing &amp; Comunicaci\u00f3n<\/title>\n<meta name=\"robots\" content=\"index, follow, max-snippet:-1, max-image-preview:large, max-video-preview:-1\" \/>\n<link rel=\"canonical\" href=\"https:\/\/mmmarketing.com.ar\/en\/comunicacion\/\" \/>\n<meta property=\"og:locale\" content=\"en_US\" \/>\n<meta property=\"og:type\" content=\"article\" \/>\n<meta property=\"og:title\" content=\"Comunicaci\u00f3n - MM Marketing &amp; Comunicaci\u00f3n\" \/>\n<meta property=\"og:description\" content=\"Somos una agencia de dise\u00f1o integral con m\u00e1s de 20 a\u00f1os de experiencia. Ponemos nuestra pasi\u00f3n y toda nuestra dedicaci\u00f3n en cada proyecto, comprometidos en lograr los mejores resultados. Buscamos soluciones creativas para cada proyecto haciendo que cada uno sea \u00fanico.\" \/>\n<meta property=\"og:url\" content=\"https:\/\/mmmarketing.com.ar\/en\/comunicacion\/\" \/>\n<meta property=\"og:site_name\" content=\"MM Marketing &amp; Comunicaci\u00f3n\" \/>\n<meta property=\"article:modified_time\" content=\"2023-08-24T14:46:20+00:00\" \/>\n<meta name=\"twitter:card\" content=\"summary_large_image\" \/>\n<meta name=\"twitter:label1\" content=\"Est. reading time\" \/>\n\t<meta name=\"twitter:data1\" content=\"1 minute\" \/>\n<script type=\"application\/ld+json\" class=\"yoast-schema-graph\">{\"@context\":\"https:\/\/schema.org\",\"@graph\":[{\"@type\":\"WebPage\",\"@id\":\"https:\/\/mmmarketing.com.ar\/comunicacion\/\",\"url\":\"https:\/\/mmmarketing.com.ar\/comunicacion\/\",\"name\":\"Comunicaci\u00f3n - MM Marketing &amp; Comunicaci\u00f3n\",\"isPartOf\":{\"@id\":\"https:\/\/mmmarketing.com.ar\/#website\"},\"datePublished\":\"2023-06-12T14:59:40+00:00\",\"dateModified\":\"2023-08-24T14:46:20+00:00\",\"breadcrumb\":{\"@id\":\"https:\/\/mmmarketing.com.ar\/comunicacion\/#breadcrumb\"},\"inLanguage\":\"en-US\",\"potentialAction\":[{\"@type\":\"ReadAction\",\"target\":[\"https:\/\/mmmarketing.com.ar\/comunicacion\/\"]}]},{\"@type\":\"BreadcrumbList\",\"@id\":\"https:\/\/mmmarketing.com.ar\/comunicacion\/#breadcrumb\",\"itemListElement\":[{\"@type\":\"ListItem\",\"position\":1,\"name\":\"Inicio\",\"item\":\"https:\/\/mmmarketing.com.ar\/\"},{\"@type\":\"ListItem\",\"position\":2,\"name\":\"Comunicaci\u00f3n\"}]},{\"@type\":\"WebSite\",\"@id\":\"https:\/\/mmmarketing.com.ar\/#website\",\"url\":\"https:\/\/mmmarketing.com.ar\/\",\"name\":\"MM Marketing &amp; Comunicaci\u00f3n\",\"description\":\"Contact Center Omnicanal\",\"publisher\":{\"@id\":\"https:\/\/mmmarketing.com.ar\/#organization\"},\"potentialAction\":[{\"@type\":\"SearchAction\",\"target\":{\"@type\":\"EntryPoint\",\"urlTemplate\":\"https:\/\/mmmarketing.com.ar\/?s={search_term_string}\"},\"query-input\":\"required name=search_term_string\"}],\"inLanguage\":\"en-US\"},{\"@type\":\"Organization\",\"@id\":\"https:\/\/mmmarketing.com.ar\/#organization\",\"name\":\"MM Marketing &amp; Comunicaci\u00f3n\",\"url\":\"https:\/\/mmmarketing.com.ar\/\",\"logo\":{\"@type\":\"ImageObject\",\"inLanguage\":\"en-US\",\"@id\":\"https:\/\/mmmarketing.com.ar\/#\/schema\/logo\/image\/\",\"url\":\"\",\"contentUrl\":\"\",\"caption\":\"MM Marketing &amp; Comunicaci\u00f3n\"},\"image\":{\"@id\":\"https:\/\/mmmarketing.com.ar\/#\/schema\/logo\/image\/\"}}]}<\/script>\n<!-- \/ Yoast SEO plugin. -->","yoast_head_json":{"title":"Comunicaci\u00f3n - MM Marketing &amp; Comunicaci\u00f3n","robots":{"index":"index","follow":"follow","max-snippet":"max-snippet:-1","max-image-preview":"max-image-preview:large","max-video-preview":"max-video-preview:-1"},"canonical":"https:\/\/mmmarketing.com.ar\/en\/comunicacion\/","og_locale":"en_US","og_type":"article","og_title":"Comunicaci\u00f3n - MM Marketing &amp; Comunicaci\u00f3n","og_description":"Somos una agencia de dise\u00f1o integral con m\u00e1s de 20 a\u00f1os de experiencia. Ponemos nuestra pasi\u00f3n y toda nuestra dedicaci\u00f3n en cada proyecto, comprometidos en lograr los mejores resultados. Buscamos soluciones creativas para cada proyecto haciendo que cada uno sea \u00fanico.","og_url":"https:\/\/mmmarketing.com.ar\/en\/comunicacion\/","og_site_name":"MM Marketing &amp; Comunicaci\u00f3n","article_modified_time":"2023-08-24T14:46:20+00:00","twitter_card":"summary_large_image","twitter_misc":{"Est. reading time":"1 minute"},"schema":{"@context":"https:\/\/schema.org","@graph":[{"@type":"WebPage","@id":"https:\/\/mmmarketing.com.ar\/comunicacion\/","url":"https:\/\/mmmarketing.com.ar\/comunicacion\/","name":"Comunicaci\u00f3n - MM Marketing &amp; Comunicaci\u00f3n","isPartOf":{"@id":"https:\/\/mmmarketing.com.ar\/#website"},"datePublished":"2023-06-12T14:59:40+00:00","dateModified":"2023-08-24T14:46:20+00:00","breadcrumb":{"@id":"https:\/\/mmmarketing.com.ar\/comunicacion\/#breadcrumb"},"inLanguage":"en-US","potentialAction":[{"@type":"ReadAction","target":["https:\/\/mmmarketing.com.ar\/comunicacion\/"]}]},{"@type":"BreadcrumbList","@id":"https:\/\/mmmarketing.com.ar\/comunicacion\/#breadcrumb","itemListElement":[{"@type":"ListItem","position":1,"name":"Inicio","item":"https:\/\/mmmarketing.com.ar\/"},{"@type":"ListItem","position":2,"name":"Comunicaci\u00f3n"}]},{"@type":"WebSite","@id":"https:\/\/mmmarketing.com.ar\/#website","url":"https:\/\/mmmarketing.com.ar\/","name":"MM Marketing &amp; Comunicaci\u00f3n","description":"Contact Center Omnicanal","publisher":{"@id":"https:\/\/mmmarketing.com.ar\/#organization"},"potentialAction":[{"@type":"SearchAction","target":{"@type":"EntryPoint","urlTemplate":"https:\/\/mmmarketing.com.ar\/?s={search_term_string}"},"query-input":"required name=search_term_string"}],"inLanguage":"en-US"},{"@type":"Organization","@id":"https:\/\/mmmarketing.com.ar\/#organization","name":"MM Marketing &amp; Comunicaci\u00f3n","url":"https:\/\/mmmarketing.com.ar\/","logo":{"@type":"ImageObject","inLanguage":"en-US","@id":"https:\/\/mmmarketing.com.ar\/#\/schema\/logo\/image\/","url":"","contentUrl":"","caption":"MM Marketing &amp; Comunicaci\u00f3n"},"image":{"@id":"https:\/\/mmmarketing.com.ar\/#\/schema\/logo\/image\/"}}]}},"_links":{"self":[{"href":"https:\/\/mmmarketing.com.ar\/en\/wp-json\/wp\/v2\/pages\/261","targetHints":{"allow":["GET"]}}],"collection":[{"href":"https:\/\/mmmarketing.com.ar\/en\/wp-json\/wp\/v2\/pages"}],"about":[{"href":"https:\/\/mmmarketing.com.ar\/en\/wp-json\/wp\/v2\/types\/page"}],"author":[{"embeddable":true,"href":"https:\/\/mmmarketing.com.ar\/en\/wp-json\/wp\/v2\/users\/1"}],"replies":[{"embeddable":true,"href":"https:\/\/mmmarketing.com.ar\/en\/wp-json\/wp\/v2\/comments?post=261"}],"version-history":[{"count":0,"href":"https:\/\/mmmarketing.com.ar\/en\/wp-json\/wp\/v2\/pages\/261\/revisions"}],"wp:attachment":[{"href":"https:\/\/mmmarketing.com.ar\/en\/wp-json\/wp\/v2\/media?parent=261"}],"curies":[{"name":"wp","href":"https:\/\/api.w.org\/{rel}","templated":true}]}}