{"id":263,"date":"2023-06-12T12:00:09","date_gmt":"2023-06-12T15:00:09","guid":{"rendered":"https:\/\/mmmarketing.com.ar\/?page_id=263"},"modified":"2023-08-24T11:45:37","modified_gmt":"2023-08-24T14:45:37","slug":"tecnologia","status":"publish","type":"page","link":"https:\/\/mmmarketing.com.ar\/en\/tecnologia\/","title":{"rendered":"TECHNOLOGY"},"content":{"rendered":"<div class=\"wp-block-columns is-layout-flex wp-container-core-columns-is-layout-9d6595d7 wp-block-columns-is-layout-flex\">\n<div class=\"wp-block-column is-layout-flow wp-block-column-is-layout-flow\"><\/div>\n<\/div>\n\n\n\n<div class=\"wp-block-columns is-layout-flex wp-container-core-columns-is-layout-9d6595d7 wp-block-columns-is-layout-flex\">\n<div class=\"wp-block-column is-layout-flow wp-block-column-is-layout-flow\">\n<\/div>\n<\/div>\n\n\n\n<div style=\"height:25px\" aria-hidden=\"true\" class=\"wp-block-spacer\"><\/div>\n\n\n\n<div class=\"wp-block-columns is-layout-flex wp-container-core-columns-is-layout-9d6595d7 wp-block-columns-is-layout-flex\">\n<div class=\"wp-block-column is-layout-flow wp-block-column-is-layout-flow\">\n<p class=\"has-text-align-center\">We have a wide portfolio of products and services aimed at improving multi-channel management processes.\nOur most important asset are the people who with their effort, dedication and ideas, help the company reach the level of competitiveness that our market demands, using technological innovation as a main tool.<\/p>\n<\/div>\n<\/div>\n\n\n\n<div class=\"wp-block-columns is-layout-flex wp-container-core-columns-is-layout-9d6595d7 wp-block-columns-is-layout-flex\">\n<div class=\"wp-block-column is-layout-flow wp-block-column-is-layout-flow\">\n<div class=\"wp-block-columns is-layout-flex wp-container-core-columns-is-layout-9d6595d7 wp-block-columns-is-layout-flex\">\n<div class=\"wp-block-column is-layout-flow wp-block-column-is-layout-flow\">\n<h1 id=\"wp-block-themeisle-blocks-advanced-heading-1861ce07\" class=\"wp-block-themeisle-blocks-advanced-heading wp-block-themeisle-blocks-advanced-heading-1861ce07\"><strong>CONTACT CENTER OMNICHANNEL - BUSINESS OBJECTIVES<\/strong><\/h1>\n\n\n<div class=\"wp-block-image\">\n<figure class=\"aligncenter size-full\"><img loading=\"lazy\" decoding=\"async\" width=\"900\" height=\"66\" src=\"https:\/\/mmmarketing.com.ar\/wp-content\/uploads\/2023\/08\/flechas-ingles.jpg\" alt=\"\" class=\"wp-image-774\" srcset=\"https:\/\/mmmarketing.com.ar\/wp-content\/uploads\/2023\/08\/flechas-ingles.jpg 900w, https:\/\/mmmarketing.com.ar\/wp-content\/uploads\/2023\/08\/flechas-ingles-300x22.jpg 300w, https:\/\/mmmarketing.com.ar\/wp-content\/uploads\/2023\/08\/flechas-ingles-768x56.jpg 768w, https:\/\/mmmarketing.com.ar\/wp-content\/uploads\/2023\/08\/flechas-ingles-18x1.jpg 18w\" sizes=\"auto, (max-width: 900px) 100vw, 900px\" \/><\/figure>\n<\/div>\n\n\n<div class=\"wp-block-columns is-layout-flex wp-container-core-columns-is-layout-9d6595d7 wp-block-columns-is-layout-flex\">\n<div class=\"wp-block-column is-layout-flow wp-block-column-is-layout-flow\"><div class=\"wp-block-image\">\n<figure class=\"aligncenter size-large\"><img loading=\"lazy\" decoding=\"async\" width=\"1024\" height=\"507\" src=\"https:\/\/mmmarketing.com.ar\/wp-content\/uploads\/2023\/08\/cuadro_omnicanal-ingles.jpg\" alt=\"\" class=\"wp-image-836\" srcset=\"https:\/\/mmmarketing.com.ar\/wp-content\/uploads\/2023\/08\/cuadro_omnicanal-ingles.jpg 1500w, https:\/\/mmmarketing.com.ar\/wp-content\/uploads\/2023\/08\/cuadro_omnicanal-ingles-300x148.jpg 300w, https:\/\/mmmarketing.com.ar\/wp-content\/uploads\/2023\/08\/cuadro_omnicanal-ingles-1024x507.jpg 1024w, https:\/\/mmmarketing.com.ar\/wp-content\/uploads\/2023\/08\/cuadro_omnicanal-ingles-768x380.jpg 768w, https:\/\/mmmarketing.com.ar\/wp-content\/uploads\/2023\/08\/cuadro_omnicanal-ingles-18x9.jpg 18w\" sizes=\"auto, (max-width: 1024px) 100vw, 1024px\" \/><\/figure>\n<\/div>\n\n\n<div style=\"height:10px\" aria-hidden=\"true\" class=\"wp-block-spacer\"><\/div>\n\n\n\n<p class=\"has-text-align-center has-text-color\" style=\"color:#329b84;font-size:25px\"><strong>TAILOR MADE STRATEGY DESIGN: ACTION PLAN &amp; METRICS<\/strong><\/p>\n\n\n<div class=\"wp-block-image\">\n<figure class=\"aligncenter size-full\"><img loading=\"lazy\" decoding=\"async\" width=\"900\" height=\"83\" src=\"https:\/\/mmmarketing.com.ar\/wp-content\/uploads\/2023\/08\/botones-ingles.jpg\" alt=\"\" class=\"wp-image-835\" srcset=\"https:\/\/mmmarketing.com.ar\/wp-content\/uploads\/2023\/08\/botones-ingles.jpg 900w, https:\/\/mmmarketing.com.ar\/wp-content\/uploads\/2023\/08\/botones-ingles-300x28.jpg 300w, https:\/\/mmmarketing.com.ar\/wp-content\/uploads\/2023\/08\/botones-ingles-768x71.jpg 768w, https:\/\/mmmarketing.com.ar\/wp-content\/uploads\/2023\/08\/botones-ingles-18x2.jpg 18w\" sizes=\"auto, (max-width: 900px) 100vw, 900px\" \/><\/figure>\n<\/div><\/div>\n<\/div>\n<\/div>\n<\/div>\n<\/div>\n<\/div>\n\n\n\n<h1 id=\"wp-block-themeisle-blocks-advanced-heading-1ef3fe53\" class=\"wp-block-themeisle-blocks-advanced-heading wp-block-themeisle-blocks-advanced-heading-1ef3fe53\"><strong>WE CHOOSE CUTTING-EDGE TECHNOLOGY<\/strong><\/h1>\n\n\n\n<div class=\"wp-block-columns is-layout-flex wp-container-core-columns-is-layout-9d6595d7 wp-block-columns-is-layout-flex\">\n<div class=\"wp-block-column is-layout-flow wp-block-column-is-layout-flow\"><div class=\"wp-block-image\">\n<figure class=\"aligncenter size-large is-resized\"><img decoding=\"async\" src=\"https:\/\/mmmarketing.com.ar\/wp-content\/uploads\/2023\/08\/tecno-ingles.jpg\" alt=\"\" class=\"wp-image-851\" style=\"width:850px\" width=\"850\" srcset=\"https:\/\/mmmarketing.com.ar\/wp-content\/uploads\/2023\/08\/tecno-ingles.jpg 1500w, https:\/\/mmmarketing.com.ar\/wp-content\/uploads\/2023\/08\/tecno-ingles-300x204.jpg 300w, https:\/\/mmmarketing.com.ar\/wp-content\/uploads\/2023\/08\/tecno-ingles-1024x695.jpg 1024w, https:\/\/mmmarketing.com.ar\/wp-content\/uploads\/2023\/08\/tecno-ingles-768x521.jpg 768w, https:\/\/mmmarketing.com.ar\/wp-content\/uploads\/2023\/08\/tecno-ingles-18x12.jpg 18w\" sizes=\"(max-width: 1024px) 100vw, 1024px\" \/><\/figure>\n<\/div><\/div>\n<\/div>\n\n\n\n<div style=\"height:45px\" aria-hidden=\"true\" class=\"wp-block-spacer\"><\/div>","protected":false},"excerpt":{"rendered":"<p>Contamos con una amplia cartera de productos y servicios orientados a la mejora de los procesos de gesti\u00f3n multicanal. Nuestro activo m\u00e1s importante son las personas que con su esfuerzo, dedicaci\u00f3n e ideas, contribuyen a que la empresa alcance el nivel de competitividad que nuestro mercado demanda, utilizando como herramienta principal la innovaci\u00f3n tecnol\u00f3gica constante.&hellip;&nbsp;<a href=\"https:\/\/mmmarketing.com.ar\/en\/tecnologia\/\" class=\"\" rel=\"bookmark\">Read More &raquo;<span class=\"screen-reader-text\">TECHNOLOGY<\/span><\/a><\/p>","protected":false},"author":1,"featured_media":0,"parent":0,"menu_order":0,"comment_status":"closed","ping_status":"closed","template":"","meta":{"neve_meta_sidebar":"","neve_meta_container":"contained","neve_meta_enable_content_width":"on","neve_meta_content_width":80,"neve_meta_title_alignment":"left","neve_meta_author_avatar":"","neve_post_elements_order":"","neve_meta_disable_header":"","neve_meta_disable_footer":"","neve_meta_disable_title":"on","_themeisle_gutenberg_block_has_review":false,"footnotes":""},"class_list":["post-263","page","type-page","status-publish","hentry"],"yoast_head":"<!-- This site is optimized with the Yoast SEO plugin v20.8 - https:\/\/yoast.com\/wordpress\/plugins\/seo\/ -->\n<title>Tecnolog\u00eda - MM Marketing &amp; Comunicaci\u00f3n<\/title>\n<meta name=\"robots\" content=\"index, follow, max-snippet:-1, max-image-preview:large, max-video-preview:-1\" \/>\n<link rel=\"canonical\" href=\"https:\/\/mmmarketing.com.ar\/en\/tecnologia\/\" \/>\n<meta property=\"og:locale\" content=\"en_US\" \/>\n<meta property=\"og:type\" content=\"article\" \/>\n<meta property=\"og:title\" content=\"Tecnolog\u00eda - MM Marketing &amp; Comunicaci\u00f3n\" \/>\n<meta property=\"og:description\" content=\"Contamos con una amplia cartera de productos y servicios orientados a la mejora de los procesos de gesti\u00f3n multicanal. Nuestro activo m\u00e1s importante son las personas que con su esfuerzo, dedicaci\u00f3n e ideas, contribuyen a que la empresa alcance el nivel de competitividad que nuestro mercado demanda, utilizando como herramienta principal la innovaci\u00f3n tecnol\u00f3gica constante.&hellip;&nbsp;Read More &raquo;Tecnolog\u00eda\" \/>\n<meta property=\"og:url\" content=\"https:\/\/mmmarketing.com.ar\/en\/tecnologia\/\" \/>\n<meta property=\"og:site_name\" content=\"MM Marketing &amp; Comunicaci\u00f3n\" \/>\n<meta property=\"article:modified_time\" content=\"2023-08-24T14:45:37+00:00\" \/>\n<meta property=\"og:image\" content=\"https:\/\/mmmarketing.com.ar\/wp-content\/uploads\/2023\/07\/flechas.jpg\" \/>\n<meta name=\"twitter:card\" content=\"summary_large_image\" \/>\n<meta name=\"twitter:label1\" content=\"Est. reading time\" \/>\n\t<meta name=\"twitter:data1\" content=\"2 minutes\" \/>\n<script type=\"application\/ld+json\" class=\"yoast-schema-graph\">{\"@context\":\"https:\/\/schema.org\",\"@graph\":[{\"@type\":\"WebPage\",\"@id\":\"https:\/\/mmmarketing.com.ar\/tecnologia\/\",\"url\":\"https:\/\/mmmarketing.com.ar\/tecnologia\/\",\"name\":\"Tecnolog\u00eda - MM Marketing &amp; Comunicaci\u00f3n\",\"isPartOf\":{\"@id\":\"https:\/\/mmmarketing.com.ar\/#website\"},\"datePublished\":\"2023-06-12T15:00:09+00:00\",\"dateModified\":\"2023-08-24T14:45:37+00:00\",\"breadcrumb\":{\"@id\":\"https:\/\/mmmarketing.com.ar\/tecnologia\/#breadcrumb\"},\"inLanguage\":\"en-US\",\"potentialAction\":[{\"@type\":\"ReadAction\",\"target\":[\"https:\/\/mmmarketing.com.ar\/tecnologia\/\"]}]},{\"@type\":\"BreadcrumbList\",\"@id\":\"https:\/\/mmmarketing.com.ar\/tecnologia\/#breadcrumb\",\"itemListElement\":[{\"@type\":\"ListItem\",\"position\":1,\"name\":\"Inicio\",\"item\":\"https:\/\/mmmarketing.com.ar\/\"},{\"@type\":\"ListItem\",\"position\":2,\"name\":\"Tecnolog\u00eda\"}]},{\"@type\":\"WebSite\",\"@id\":\"https:\/\/mmmarketing.com.ar\/#website\",\"url\":\"https:\/\/mmmarketing.com.ar\/\",\"name\":\"MM Marketing &amp; Comunicaci\u00f3n\",\"description\":\"Contact Center Omnicanal\",\"publisher\":{\"@id\":\"https:\/\/mmmarketing.com.ar\/#organization\"},\"potentialAction\":[{\"@type\":\"SearchAction\",\"target\":{\"@type\":\"EntryPoint\",\"urlTemplate\":\"https:\/\/mmmarketing.com.ar\/?s={search_term_string}\"},\"query-input\":\"required name=search_term_string\"}],\"inLanguage\":\"en-US\"},{\"@type\":\"Organization\",\"@id\":\"https:\/\/mmmarketing.com.ar\/#organization\",\"name\":\"MM Marketing &amp; Comunicaci\u00f3n\",\"url\":\"https:\/\/mmmarketing.com.ar\/\",\"logo\":{\"@type\":\"ImageObject\",\"inLanguage\":\"en-US\",\"@id\":\"https:\/\/mmmarketing.com.ar\/#\/schema\/logo\/image\/\",\"url\":\"\",\"contentUrl\":\"\",\"caption\":\"MM Marketing &amp; Comunicaci\u00f3n\"},\"image\":{\"@id\":\"https:\/\/mmmarketing.com.ar\/#\/schema\/logo\/image\/\"}}]}<\/script>\n<!-- \/ Yoast SEO plugin. -->","yoast_head_json":{"title":"Tecnolog\u00eda - MM Marketing &amp; Comunicaci\u00f3n","robots":{"index":"index","follow":"follow","max-snippet":"max-snippet:-1","max-image-preview":"max-image-preview:large","max-video-preview":"max-video-preview:-1"},"canonical":"https:\/\/mmmarketing.com.ar\/en\/tecnologia\/","og_locale":"en_US","og_type":"article","og_title":"Tecnolog\u00eda - MM Marketing &amp; Comunicaci\u00f3n","og_description":"Contamos con una amplia cartera de productos y servicios orientados a la mejora de los procesos de gesti\u00f3n multicanal. Nuestro activo m\u00e1s importante son las personas que con su esfuerzo, dedicaci\u00f3n e ideas, contribuyen a que la empresa alcance el nivel de competitividad que nuestro mercado demanda, utilizando como herramienta principal la innovaci\u00f3n tecnol\u00f3gica constante.&hellip;&nbsp;Read More &raquo;Tecnolog\u00eda","og_url":"https:\/\/mmmarketing.com.ar\/en\/tecnologia\/","og_site_name":"MM Marketing &amp; Comunicaci\u00f3n","article_modified_time":"2023-08-24T14:45:37+00:00","og_image":[{"url":"https:\/\/mmmarketing.com.ar\/wp-content\/uploads\/2023\/07\/flechas.jpg"}],"twitter_card":"summary_large_image","twitter_misc":{"Est. reading time":"2 minutes"},"schema":{"@context":"https:\/\/schema.org","@graph":[{"@type":"WebPage","@id":"https:\/\/mmmarketing.com.ar\/tecnologia\/","url":"https:\/\/mmmarketing.com.ar\/tecnologia\/","name":"Tecnolog\u00eda - MM Marketing &amp; Comunicaci\u00f3n","isPartOf":{"@id":"https:\/\/mmmarketing.com.ar\/#website"},"datePublished":"2023-06-12T15:00:09+00:00","dateModified":"2023-08-24T14:45:37+00:00","breadcrumb":{"@id":"https:\/\/mmmarketing.com.ar\/tecnologia\/#breadcrumb"},"inLanguage":"en-US","potentialAction":[{"@type":"ReadAction","target":["https:\/\/mmmarketing.com.ar\/tecnologia\/"]}]},{"@type":"BreadcrumbList","@id":"https:\/\/mmmarketing.com.ar\/tecnologia\/#breadcrumb","itemListElement":[{"@type":"ListItem","position":1,"name":"Inicio","item":"https:\/\/mmmarketing.com.ar\/"},{"@type":"ListItem","position":2,"name":"Tecnolog\u00eda"}]},{"@type":"WebSite","@id":"https:\/\/mmmarketing.com.ar\/#website","url":"https:\/\/mmmarketing.com.ar\/","name":"MM Marketing &amp; Comunicaci\u00f3n","description":"Contact Center Omnicanal","publisher":{"@id":"https:\/\/mmmarketing.com.ar\/#organization"},"potentialAction":[{"@type":"SearchAction","target":{"@type":"EntryPoint","urlTemplate":"https:\/\/mmmarketing.com.ar\/?s={search_term_string}"},"query-input":"required name=search_term_string"}],"inLanguage":"en-US"},{"@type":"Organization","@id":"https:\/\/mmmarketing.com.ar\/#organization","name":"MM Marketing &amp; Comunicaci\u00f3n","url":"https:\/\/mmmarketing.com.ar\/","logo":{"@type":"ImageObject","inLanguage":"en-US","@id":"https:\/\/mmmarketing.com.ar\/#\/schema\/logo\/image\/","url":"","contentUrl":"","caption":"MM Marketing &amp; Comunicaci\u00f3n"},"image":{"@id":"https:\/\/mmmarketing.com.ar\/#\/schema\/logo\/image\/"}}]}},"_links":{"self":[{"href":"https:\/\/mmmarketing.com.ar\/en\/wp-json\/wp\/v2\/pages\/263","targetHints":{"allow":["GET"]}}],"collection":[{"href":"https:\/\/mmmarketing.com.ar\/en\/wp-json\/wp\/v2\/pages"}],"about":[{"href":"https:\/\/mmmarketing.com.ar\/en\/wp-json\/wp\/v2\/types\/page"}],"author":[{"embeddable":true,"href":"https:\/\/mmmarketing.com.ar\/en\/wp-json\/wp\/v2\/users\/1"}],"replies":[{"embeddable":true,"href":"https:\/\/mmmarketing.com.ar\/en\/wp-json\/wp\/v2\/comments?post=263"}],"version-history":[{"count":0,"href":"https:\/\/mmmarketing.com.ar\/en\/wp-json\/wp\/v2\/pages\/263\/revisions"}],"wp:attachment":[{"href":"https:\/\/mmmarketing.com.ar\/en\/wp-json\/wp\/v2\/media?parent=263"}],"curies":[{"name":"wp","href":"https:\/\/api.w.org\/{rel}","templated":true}]}}