{"id":555,"date":"2023-07-13T17:09:23","date_gmt":"2023-07-13T20:09:23","guid":{"rendered":"https:\/\/mmmarketing.com.ar\/?page_id=555"},"modified":"2023-07-20T14:59:44","modified_gmt":"2023-07-20T17:59:44","slug":"branding","status":"publish","type":"page","link":"https:\/\/mmmarketing.com.ar\/en\/branding\/","title":{"rendered":"Branding"},"content":{"rendered":"<div style=\"height:50px\" aria-hidden=\"true\" class=\"wp-block-spacer\"><\/div>\n\n\n\n<div class=\"wp-block-columns is-layout-flex wp-container-core-columns-is-layout-9d6595d7 wp-block-columns-is-layout-flex\">\n<div class=\"wp-block-column is-layout-flow wp-block-column-is-layout-flow\"><\/div>\n\n\n\n<div class=\"wp-block-column is-layout-flow wp-block-column-is-layout-flow\">\n<p class=\"has-text-align-center has-large-font-size\">BRANDING<\/p>\n\n\n\n<p>We work on the development of brands from their concept to their full implementation. \nWe design graphic languages from communication, logo, colors, fonts  and use of assets and tools necessary to transmit  a personality that makes our clients  stand out in the market.<\/p>\n<\/div>\n\n\n\n<div class=\"wp-block-column is-layout-flow wp-block-column-is-layout-flow\"><\/div>\n<\/div>\n\n\n\n<div class=\"wp-block-columns is-layout-flex wp-container-core-columns-is-layout-9d6595d7 wp-block-columns-is-layout-flex\">\n<div class=\"wp-block-column is-layout-flow wp-block-column-is-layout-flow\"><div class=\"wp-block-image\">\n<figure class=\"aligncenter size-large\"><img loading=\"lazy\" decoding=\"async\" width=\"1024\" height=\"554\" src=\"https:\/\/mmmarketing.com.ar\/wp-content\/uploads\/2023\/07\/01-4-1024x554.jpg\" alt=\"\" class=\"wp-image-820\" srcset=\"https:\/\/mmmarketing.com.ar\/wp-content\/uploads\/2023\/07\/01-4-1024x554.jpg 1024w, https:\/\/mmmarketing.com.ar\/wp-content\/uploads\/2023\/07\/01-4-300x162.jpg 300w, https:\/\/mmmarketing.com.ar\/wp-content\/uploads\/2023\/07\/01-4-768x415.jpg 768w, https:\/\/mmmarketing.com.ar\/wp-content\/uploads\/2023\/07\/01-4.jpg 1500w\" sizes=\"auto, (max-width: 1024px) 100vw, 1024px\" \/><\/figure>\n<\/div>\n\n\n<div style=\"height:20px\" aria-hidden=\"true\" class=\"wp-block-spacer\"><\/div>\n\n\n<div class=\"wp-block-image\">\n<figure class=\"aligncenter size-large\"><img loading=\"lazy\" decoding=\"async\" width=\"1024\" height=\"553\" src=\"https:\/\/mmmarketing.com.ar\/wp-content\/uploads\/2023\/07\/02-3-1024x553.jpg\" alt=\"\" class=\"wp-image-822\" srcset=\"https:\/\/mmmarketing.com.ar\/wp-content\/uploads\/2023\/07\/02-3-1024x553.jpg 1024w, https:\/\/mmmarketing.com.ar\/wp-content\/uploads\/2023\/07\/02-3-300x162.jpg 300w, https:\/\/mmmarketing.com.ar\/wp-content\/uploads\/2023\/07\/02-3-768x415.jpg 768w, https:\/\/mmmarketing.com.ar\/wp-content\/uploads\/2023\/07\/02-3.jpg 1501w\" sizes=\"auto, (max-width: 1024px) 100vw, 1024px\" \/><\/figure>\n<\/div>\n\n\n<div style=\"height:20px\" aria-hidden=\"true\" class=\"wp-block-spacer\"><\/div>\n\n\n<div class=\"wp-block-image\">\n<figure class=\"aligncenter size-large\"><img loading=\"lazy\" decoding=\"async\" width=\"1024\" height=\"553\" src=\"https:\/\/mmmarketing.com.ar\/wp-content\/uploads\/2023\/07\/03-2-1024x553.jpg\" alt=\"\" class=\"wp-image-823\" srcset=\"https:\/\/mmmarketing.com.ar\/wp-content\/uploads\/2023\/07\/03-2-1024x553.jpg 1024w, https:\/\/mmmarketing.com.ar\/wp-content\/uploads\/2023\/07\/03-2-300x162.jpg 300w, https:\/\/mmmarketing.com.ar\/wp-content\/uploads\/2023\/07\/03-2-768x415.jpg 768w, https:\/\/mmmarketing.com.ar\/wp-content\/uploads\/2023\/07\/03-2.jpg 1501w\" sizes=\"auto, (max-width: 1024px) 100vw, 1024px\" \/><\/figure>\n<\/div>\n\n\n<div style=\"height:20px\" aria-hidden=\"true\" class=\"wp-block-spacer\"><\/div>\n\n\n<div class=\"wp-block-image\">\n<figure class=\"aligncenter size-large\"><img loading=\"lazy\" decoding=\"async\" width=\"1024\" height=\"554\" src=\"https:\/\/mmmarketing.com.ar\/wp-content\/uploads\/2023\/07\/04-1024x554.jpg\" alt=\"\" class=\"wp-image-563\" srcset=\"https:\/\/mmmarketing.com.ar\/wp-content\/uploads\/2023\/07\/04-1024x554.jpg 1024w, https:\/\/mmmarketing.com.ar\/wp-content\/uploads\/2023\/07\/04-300x162.jpg 300w, https:\/\/mmmarketing.com.ar\/wp-content\/uploads\/2023\/07\/04-768x415.jpg 768w, https:\/\/mmmarketing.com.ar\/wp-content\/uploads\/2023\/07\/04.jpg 1500w\" sizes=\"auto, (max-width: 1024px) 100vw, 1024px\" \/><\/figure>\n<\/div>\n\n\n<div style=\"height:20px\" aria-hidden=\"true\" class=\"wp-block-spacer\"><\/div>\n\n\n<div class=\"wp-block-image\">\n<figure class=\"aligncenter size-large\"><img loading=\"lazy\" decoding=\"async\" width=\"1024\" height=\"554\" src=\"https:\/\/mmmarketing.com.ar\/wp-content\/uploads\/2023\/07\/05-1024x554.jpg\" alt=\"\" class=\"wp-image-564\" srcset=\"https:\/\/mmmarketing.com.ar\/wp-content\/uploads\/2023\/07\/05-1024x554.jpg 1024w, https:\/\/mmmarketing.com.ar\/wp-content\/uploads\/2023\/07\/05-300x162.jpg 300w, https:\/\/mmmarketing.com.ar\/wp-content\/uploads\/2023\/07\/05-768x415.jpg 768w, https:\/\/mmmarketing.com.ar\/wp-content\/uploads\/2023\/07\/05.jpg 1500w\" sizes=\"auto, (max-width: 1024px) 100vw, 1024px\" \/><\/figure>\n<\/div>\n\n\n<div style=\"height:20px\" aria-hidden=\"true\" class=\"wp-block-spacer\"><\/div>\n\n\n<div class=\"wp-block-image\">\n<figure class=\"aligncenter size-large\"><img loading=\"lazy\" decoding=\"async\" width=\"1024\" height=\"553\" src=\"https:\/\/mmmarketing.com.ar\/wp-content\/uploads\/2023\/07\/06-1024x553.jpg\" alt=\"\" class=\"wp-image-565\" srcset=\"https:\/\/mmmarketing.com.ar\/wp-content\/uploads\/2023\/07\/06-1024x553.jpg 1024w, https:\/\/mmmarketing.com.ar\/wp-content\/uploads\/2023\/07\/06-300x162.jpg 300w, https:\/\/mmmarketing.com.ar\/wp-content\/uploads\/2023\/07\/06-768x415.jpg 768w, https:\/\/mmmarketing.com.ar\/wp-content\/uploads\/2023\/07\/06.jpg 1501w\" sizes=\"auto, (max-width: 1024px) 100vw, 1024px\" \/><\/figure>\n<\/div>\n\n\n<div style=\"height:20px\" aria-hidden=\"true\" class=\"wp-block-spacer\"><\/div>\n\n\n<div class=\"wp-block-image\">\n<figure class=\"aligncenter size-large\"><img loading=\"lazy\" decoding=\"async\" width=\"1024\" height=\"553\" src=\"https:\/\/mmmarketing.com.ar\/wp-content\/uploads\/2023\/07\/07-1024x553.jpg\" alt=\"\" class=\"wp-image-566\" srcset=\"https:\/\/mmmarketing.com.ar\/wp-content\/uploads\/2023\/07\/07-1024x553.jpg 1024w, https:\/\/mmmarketing.com.ar\/wp-content\/uploads\/2023\/07\/07-300x162.jpg 300w, https:\/\/mmmarketing.com.ar\/wp-content\/uploads\/2023\/07\/07-768x415.jpg 768w, https:\/\/mmmarketing.com.ar\/wp-content\/uploads\/2023\/07\/07.jpg 1501w\" sizes=\"auto, (max-width: 1024px) 100vw, 1024px\" \/><\/figure>\n<\/div>\n\n\n<div style=\"height:20px\" aria-hidden=\"true\" class=\"wp-block-spacer\"><\/div>\n\n\n<div class=\"wp-block-image\">\n<figure class=\"aligncenter size-large\"><img loading=\"lazy\" decoding=\"async\" width=\"1024\" height=\"554\" src=\"https:\/\/mmmarketing.com.ar\/wp-content\/uploads\/2023\/07\/08-1024x554.jpg\" alt=\"\" class=\"wp-image-568\" srcset=\"https:\/\/mmmarketing.com.ar\/wp-content\/uploads\/2023\/07\/08-1024x554.jpg 1024w, https:\/\/mmmarketing.com.ar\/wp-content\/uploads\/2023\/07\/08-300x162.jpg 300w, https:\/\/mmmarketing.com.ar\/wp-content\/uploads\/2023\/07\/08-768x415.jpg 768w, https:\/\/mmmarketing.com.ar\/wp-content\/uploads\/2023\/07\/08.jpg 1500w\" sizes=\"auto, (max-width: 1024px) 100vw, 1024px\" \/><\/figure>\n<\/div>\n\n\n<div style=\"height:20px\" aria-hidden=\"true\" class=\"wp-block-spacer\"><\/div>\n\n\n<div class=\"wp-block-image\">\n<figure class=\"aligncenter size-large\"><img loading=\"lazy\" decoding=\"async\" width=\"1024\" height=\"554\" src=\"https:\/\/mmmarketing.com.ar\/wp-content\/uploads\/2023\/07\/09-1024x554.jpg\" alt=\"\" class=\"wp-image-569\" srcset=\"https:\/\/mmmarketing.com.ar\/wp-content\/uploads\/2023\/07\/09-1024x554.jpg 1024w, https:\/\/mmmarketing.com.ar\/wp-content\/uploads\/2023\/07\/09-300x162.jpg 300w, https:\/\/mmmarketing.com.ar\/wp-content\/uploads\/2023\/07\/09-768x415.jpg 768w, https:\/\/mmmarketing.com.ar\/wp-content\/uploads\/2023\/07\/09.jpg 1500w\" sizes=\"auto, (max-width: 1024px) 100vw, 1024px\" \/><\/figure>\n<\/div>\n\n\n<div style=\"height:20px\" aria-hidden=\"true\" class=\"wp-block-spacer\"><\/div>\n\n\n<div class=\"wp-block-image\">\n<figure class=\"aligncenter size-large\"><img loading=\"lazy\" decoding=\"async\" width=\"1024\" height=\"553\" src=\"https:\/\/mmmarketing.com.ar\/wp-content\/uploads\/2023\/07\/10-1024x553.jpg\" alt=\"\" class=\"wp-image-571\" srcset=\"https:\/\/mmmarketing.com.ar\/wp-content\/uploads\/2023\/07\/10-1024x553.jpg 1024w, https:\/\/mmmarketing.com.ar\/wp-content\/uploads\/2023\/07\/10-300x162.jpg 300w, https:\/\/mmmarketing.com.ar\/wp-content\/uploads\/2023\/07\/10-768x415.jpg 768w, https:\/\/mmmarketing.com.ar\/wp-content\/uploads\/2023\/07\/10.jpg 1501w\" sizes=\"auto, (max-width: 1024px) 100vw, 1024px\" \/><\/figure>\n<\/div>\n\n\n<div style=\"height:20px\" aria-hidden=\"true\" class=\"wp-block-spacer\"><\/div>\n\n\n<div class=\"wp-block-image\">\n<figure class=\"aligncenter size-large\"><img loading=\"lazy\" decoding=\"async\" width=\"1024\" height=\"553\" src=\"https:\/\/mmmarketing.com.ar\/wp-content\/uploads\/2023\/07\/11-3-1024x553.jpg\" alt=\"\" class=\"wp-image-824\" srcset=\"https:\/\/mmmarketing.com.ar\/wp-content\/uploads\/2023\/07\/11-3-1024x553.jpg 1024w, https:\/\/mmmarketing.com.ar\/wp-content\/uploads\/2023\/07\/11-3-300x162.jpg 300w, https:\/\/mmmarketing.com.ar\/wp-content\/uploads\/2023\/07\/11-3-768x415.jpg 768w, https:\/\/mmmarketing.com.ar\/wp-content\/uploads\/2023\/07\/11-3.jpg 1501w\" sizes=\"auto, (max-width: 1024px) 100vw, 1024px\" \/><\/figure>\n<\/div>\n\n\n<div style=\"height:20px\" aria-hidden=\"true\" class=\"wp-block-spacer\"><\/div>\n\n\n<div class=\"wp-block-image\">\n<figure class=\"aligncenter size-large\"><img loading=\"lazy\" decoding=\"async\" width=\"1024\" height=\"554\" src=\"https:\/\/mmmarketing.com.ar\/wp-content\/uploads\/2023\/07\/12-3-1024x554.jpg\" alt=\"\" class=\"wp-image-825\" srcset=\"https:\/\/mmmarketing.com.ar\/wp-content\/uploads\/2023\/07\/12-3-1024x554.jpg 1024w, https:\/\/mmmarketing.com.ar\/wp-content\/uploads\/2023\/07\/12-3-300x162.jpg 300w, https:\/\/mmmarketing.com.ar\/wp-content\/uploads\/2023\/07\/12-3-768x415.jpg 768w, https:\/\/mmmarketing.com.ar\/wp-content\/uploads\/2023\/07\/12-3.jpg 1500w\" sizes=\"auto, (max-width: 1024px) 100vw, 1024px\" \/><\/figure>\n<\/div><\/div>\n<\/div>","protected":false},"excerpt":{"rendered":"<p>BRANDING Trabajamos en la creaci\u00f3n de marcas desde su concepto hasta su completa implementaci\u00f3n. Dise\u00f1o de lenguajes gr\u00e1ficos desde la comunicaci\u00f3n, el logotipo, los colores, las fuentes y el uso de activos y herramientas necesarias para trasmitir una personalidad para que se destaque en el mercado.<\/p>","protected":false},"author":1,"featured_media":0,"parent":0,"menu_order":0,"comment_status":"closed","ping_status":"closed","template":"","meta":{"neve_meta_sidebar":"","neve_meta_container":"default","neve_meta_enable_content_width":"","neve_meta_content_width":0,"neve_meta_title_alignment":"","neve_meta_author_avatar":"","neve_post_elements_order":"","neve_meta_disable_header":"","neve_meta_disable_footer":"","neve_meta_disable_title":"on","_themeisle_gutenberg_block_has_review":false,"footnotes":""},"class_list":["post-555","page","type-page","status-publish","hentry"],"yoast_head":"<!-- This site is optimized with the Yoast SEO plugin v20.8 - https:\/\/yoast.com\/wordpress\/plugins\/seo\/ -->\n<title>Branding - MM Marketing &amp; Comunicaci\u00f3n<\/title>\n<meta name=\"robots\" content=\"index, follow, max-snippet:-1, max-image-preview:large, max-video-preview:-1\" \/>\n<link rel=\"canonical\" href=\"https:\/\/mmmarketing.com.ar\/en\/branding\/\" \/>\n<meta property=\"og:locale\" content=\"en_US\" \/>\n<meta property=\"og:type\" content=\"article\" \/>\n<meta property=\"og:title\" content=\"Branding - MM Marketing &amp; Comunicaci\u00f3n\" \/>\n<meta property=\"og:description\" content=\"BRANDING Trabajamos en la creaci\u00f3n de marcas desde su concepto hasta su completa implementaci\u00f3n. Dise\u00f1o de lenguajes gr\u00e1ficos desde la comunicaci\u00f3n, el logotipo, los colores, las fuentes y el uso de activos y herramientas necesarias para trasmitir una personalidad para que se destaque en el mercado.\" \/>\n<meta property=\"og:url\" content=\"https:\/\/mmmarketing.com.ar\/en\/branding\/\" \/>\n<meta property=\"og:site_name\" content=\"MM Marketing &amp; Comunicaci\u00f3n\" \/>\n<meta property=\"article:modified_time\" content=\"2023-07-20T17:59:44+00:00\" \/>\n<meta property=\"og:image\" content=\"https:\/\/mmmarketing.com.ar\/wp-content\/uploads\/2023\/07\/01-4-1024x554.jpg\" \/>\n<meta name=\"twitter:card\" content=\"summary_large_image\" \/>\n<meta name=\"twitter:label1\" content=\"Est. reading time\" \/>\n\t<meta name=\"twitter:data1\" content=\"3 minutes\" \/>\n<script type=\"application\/ld+json\" class=\"yoast-schema-graph\">{\"@context\":\"https:\/\/schema.org\",\"@graph\":[{\"@type\":\"WebPage\",\"@id\":\"https:\/\/mmmarketing.com.ar\/branding\/\",\"url\":\"https:\/\/mmmarketing.com.ar\/branding\/\",\"name\":\"Branding - MM Marketing &amp; Comunicaci\u00f3n\",\"isPartOf\":{\"@id\":\"https:\/\/mmmarketing.com.ar\/#website\"},\"datePublished\":\"2023-07-13T20:09:23+00:00\",\"dateModified\":\"2023-07-20T17:59:44+00:00\",\"breadcrumb\":{\"@id\":\"https:\/\/mmmarketing.com.ar\/branding\/#breadcrumb\"},\"inLanguage\":\"en-US\",\"potentialAction\":[{\"@type\":\"ReadAction\",\"target\":[\"https:\/\/mmmarketing.com.ar\/branding\/\"]}]},{\"@type\":\"BreadcrumbList\",\"@id\":\"https:\/\/mmmarketing.com.ar\/branding\/#breadcrumb\",\"itemListElement\":[{\"@type\":\"ListItem\",\"position\":1,\"name\":\"Inicio\",\"item\":\"https:\/\/mmmarketing.com.ar\/\"},{\"@type\":\"ListItem\",\"position\":2,\"name\":\"Branding\"}]},{\"@type\":\"WebSite\",\"@id\":\"https:\/\/mmmarketing.com.ar\/#website\",\"url\":\"https:\/\/mmmarketing.com.ar\/\",\"name\":\"MM Marketing &amp; Comunicaci\u00f3n\",\"description\":\"Contact Center Omnicanal\",\"publisher\":{\"@id\":\"https:\/\/mmmarketing.com.ar\/#organization\"},\"potentialAction\":[{\"@type\":\"SearchAction\",\"target\":{\"@type\":\"EntryPoint\",\"urlTemplate\":\"https:\/\/mmmarketing.com.ar\/?s={search_term_string}\"},\"query-input\":\"required name=search_term_string\"}],\"inLanguage\":\"en-US\"},{\"@type\":\"Organization\",\"@id\":\"https:\/\/mmmarketing.com.ar\/#organization\",\"name\":\"MM Marketing &amp; Comunicaci\u00f3n\",\"url\":\"https:\/\/mmmarketing.com.ar\/\",\"logo\":{\"@type\":\"ImageObject\",\"inLanguage\":\"en-US\",\"@id\":\"https:\/\/mmmarketing.com.ar\/#\/schema\/logo\/image\/\",\"url\":\"\",\"contentUrl\":\"\",\"caption\":\"MM Marketing &amp; Comunicaci\u00f3n\"},\"image\":{\"@id\":\"https:\/\/mmmarketing.com.ar\/#\/schema\/logo\/image\/\"}}]}<\/script>\n<!-- \/ Yoast SEO plugin. -->","yoast_head_json":{"title":"Branding - MM Marketing &amp; Comunicaci\u00f3n","robots":{"index":"index","follow":"follow","max-snippet":"max-snippet:-1","max-image-preview":"max-image-preview:large","max-video-preview":"max-video-preview:-1"},"canonical":"https:\/\/mmmarketing.com.ar\/en\/branding\/","og_locale":"en_US","og_type":"article","og_title":"Branding - MM Marketing &amp; Comunicaci\u00f3n","og_description":"BRANDING Trabajamos en la creaci\u00f3n de marcas desde su concepto hasta su completa implementaci\u00f3n. Dise\u00f1o de lenguajes gr\u00e1ficos desde la comunicaci\u00f3n, el logotipo, los colores, las fuentes y el uso de activos y herramientas necesarias para trasmitir una personalidad para que se destaque en el mercado.","og_url":"https:\/\/mmmarketing.com.ar\/en\/branding\/","og_site_name":"MM Marketing &amp; Comunicaci\u00f3n","article_modified_time":"2023-07-20T17:59:44+00:00","og_image":[{"url":"https:\/\/mmmarketing.com.ar\/wp-content\/uploads\/2023\/07\/01-4-1024x554.jpg"}],"twitter_card":"summary_large_image","twitter_misc":{"Est. reading time":"3 minutes"},"schema":{"@context":"https:\/\/schema.org","@graph":[{"@type":"WebPage","@id":"https:\/\/mmmarketing.com.ar\/branding\/","url":"https:\/\/mmmarketing.com.ar\/branding\/","name":"Branding - MM Marketing &amp; Comunicaci\u00f3n","isPartOf":{"@id":"https:\/\/mmmarketing.com.ar\/#website"},"datePublished":"2023-07-13T20:09:23+00:00","dateModified":"2023-07-20T17:59:44+00:00","breadcrumb":{"@id":"https:\/\/mmmarketing.com.ar\/branding\/#breadcrumb"},"inLanguage":"en-US","potentialAction":[{"@type":"ReadAction","target":["https:\/\/mmmarketing.com.ar\/branding\/"]}]},{"@type":"BreadcrumbList","@id":"https:\/\/mmmarketing.com.ar\/branding\/#breadcrumb","itemListElement":[{"@type":"ListItem","position":1,"name":"Inicio","item":"https:\/\/mmmarketing.com.ar\/"},{"@type":"ListItem","position":2,"name":"Branding"}]},{"@type":"WebSite","@id":"https:\/\/mmmarketing.com.ar\/#website","url":"https:\/\/mmmarketing.com.ar\/","name":"MM Marketing &amp; Comunicaci\u00f3n","description":"Contact Center Omnicanal","publisher":{"@id":"https:\/\/mmmarketing.com.ar\/#organization"},"potentialAction":[{"@type":"SearchAction","target":{"@type":"EntryPoint","urlTemplate":"https:\/\/mmmarketing.com.ar\/?s={search_term_string}"},"query-input":"required name=search_term_string"}],"inLanguage":"en-US"},{"@type":"Organization","@id":"https:\/\/mmmarketing.com.ar\/#organization","name":"MM Marketing &amp; Comunicaci\u00f3n","url":"https:\/\/mmmarketing.com.ar\/","logo":{"@type":"ImageObject","inLanguage":"en-US","@id":"https:\/\/mmmarketing.com.ar\/#\/schema\/logo\/image\/","url":"","contentUrl":"","caption":"MM Marketing &amp; Comunicaci\u00f3n"},"image":{"@id":"https:\/\/mmmarketing.com.ar\/#\/schema\/logo\/image\/"}}]}},"_links":{"self":[{"href":"https:\/\/mmmarketing.com.ar\/en\/wp-json\/wp\/v2\/pages\/555","targetHints":{"allow":["GET"]}}],"collection":[{"href":"https:\/\/mmmarketing.com.ar\/en\/wp-json\/wp\/v2\/pages"}],"about":[{"href":"https:\/\/mmmarketing.com.ar\/en\/wp-json\/wp\/v2\/types\/page"}],"author":[{"embeddable":true,"href":"https:\/\/mmmarketing.com.ar\/en\/wp-json\/wp\/v2\/users\/1"}],"replies":[{"embeddable":true,"href":"https:\/\/mmmarketing.com.ar\/en\/wp-json\/wp\/v2\/comments?post=555"}],"version-history":[{"count":0,"href":"https:\/\/mmmarketing.com.ar\/en\/wp-json\/wp\/v2\/pages\/555\/revisions"}],"wp:attachment":[{"href":"https:\/\/mmmarketing.com.ar\/en\/wp-json\/wp\/v2\/media?parent=555"}],"curies":[{"name":"wp","href":"https:\/\/api.w.org\/{rel}","templated":true}]}}