{"id":597,"date":"2023-07-13T20:14:25","date_gmt":"2023-07-13T23:14:25","guid":{"rendered":"https:\/\/mmmarketing.com.ar\/?page_id=597"},"modified":"2023-07-20T15:05:16","modified_gmt":"2023-07-20T18:05:16","slug":"graphic-design","status":"publish","type":"page","link":"https:\/\/mmmarketing.com.ar\/en\/graphic-design\/","title":{"rendered":"graphic-design"},"content":{"rendered":"<div style=\"height:50px\" aria-hidden=\"true\" class=\"wp-block-spacer\"><\/div>\n\n\n\n<div class=\"wp-block-columns is-layout-flex wp-container-core-columns-is-layout-9d6595d7 wp-block-columns-is-layout-flex\">\n<div class=\"wp-block-column is-layout-flow wp-block-column-is-layout-flow\"><\/div>\n\n\n\n<div class=\"wp-block-column is-layout-flow wp-block-column-is-layout-flow\">\n<p class=\"has-text-align-center has-large-font-size\">GRAPHIC DESIGN<\/p>\n\n\n\n<p class=\"translation-block\">We have all the necessary tools to create designs that cause admiration for your brand.\nOur goal will be to work on the solution that best suits your visual communication needs.\nWe cover all aspects of corporate image, giving your company the essential resources for improving their competitiveness.<\/p>\n<\/div>\n\n\n\n<div class=\"wp-block-column is-layout-flow wp-block-column-is-layout-flow\"><\/div>\n<\/div>\n\n\n\n<div class=\"wp-block-columns is-layout-flex wp-container-core-columns-is-layout-9d6595d7 wp-block-columns-is-layout-flex\">\n<div class=\"wp-block-column is-layout-flow wp-block-column-is-layout-flow\">\n<div class=\"wp-block-columns is-layout-flex wp-container-core-columns-is-layout-9d6595d7 wp-block-columns-is-layout-flex\">\n<div class=\"wp-block-column is-layout-flow wp-block-column-is-layout-flow\"><div class=\"wp-block-image\">\n<figure class=\"aligncenter size-large\"><img loading=\"lazy\" decoding=\"async\" width=\"1024\" height=\"553\" src=\"https:\/\/mmmarketing.com.ar\/wp-content\/uploads\/2023\/07\/01-3-1024x553.jpg\" alt=\"\" class=\"wp-image-662\" srcset=\"https:\/\/mmmarketing.com.ar\/wp-content\/uploads\/2023\/07\/01-3-1024x553.jpg 1024w, https:\/\/mmmarketing.com.ar\/wp-content\/uploads\/2023\/07\/01-3-300x162.jpg 300w, https:\/\/mmmarketing.com.ar\/wp-content\/uploads\/2023\/07\/01-3-768x415.jpg 768w, https:\/\/mmmarketing.com.ar\/wp-content\/uploads\/2023\/07\/01-3.jpg 1500w\" sizes=\"auto, (max-width: 1024px) 100vw, 1024px\" \/><\/figure>\n<\/div>\n\n\n<div style=\"height:12px\" aria-hidden=\"true\" class=\"wp-block-spacer\"><\/div>\n\n\n\n<p class=\"has-text-align-center\">Play Copycat - Front marquee, program, graphic ads, banners, press release, flyers.<\/p>\n\n\n<div class=\"wp-block-image\">\n<figure class=\"aligncenter size-large\"><img loading=\"lazy\" decoding=\"async\" width=\"1024\" height=\"553\" src=\"https:\/\/mmmarketing.com.ar\/wp-content\/uploads\/2023\/07\/03-3-1024x553.jpg\" alt=\"\" class=\"wp-image-664\" srcset=\"https:\/\/mmmarketing.com.ar\/wp-content\/uploads\/2023\/07\/03-3-1024x553.jpg 1024w, https:\/\/mmmarketing.com.ar\/wp-content\/uploads\/2023\/07\/03-3-300x162.jpg 300w, https:\/\/mmmarketing.com.ar\/wp-content\/uploads\/2023\/07\/03-3-768x415.jpg 768w, https:\/\/mmmarketing.com.ar\/wp-content\/uploads\/2023\/07\/03-3.jpg 1500w\" sizes=\"auto, (max-width: 1024px) 100vw, 1024px\" \/><\/figure>\n<\/div>\n\n\n<div style=\"height:12px\" aria-hidden=\"true\" class=\"wp-block-spacer\"><\/div>\n\n\n\n<p class=\"has-text-align-center\">Banco M\u00e1s Ventas - E-cards anniversaries.<\/p>\n\n\n<div class=\"wp-block-image\">\n<figure class=\"aligncenter size-large\"><img loading=\"lazy\" decoding=\"async\" width=\"1024\" height=\"553\" src=\"https:\/\/mmmarketing.com.ar\/wp-content\/uploads\/2023\/07\/04-2-1024x553.jpg\" alt=\"\" class=\"wp-image-665\" srcset=\"https:\/\/mmmarketing.com.ar\/wp-content\/uploads\/2023\/07\/04-2-1024x553.jpg 1024w, https:\/\/mmmarketing.com.ar\/wp-content\/uploads\/2023\/07\/04-2-300x162.jpg 300w, https:\/\/mmmarketing.com.ar\/wp-content\/uploads\/2023\/07\/04-2-768x415.jpg 768w, https:\/\/mmmarketing.com.ar\/wp-content\/uploads\/2023\/07\/04-2.jpg 1500w\" sizes=\"auto, (max-width: 1024px) 100vw, 1024px\" \/><\/figure>\n<\/div>\n\n\n<div style=\"height:12px\" aria-hidden=\"true\" class=\"wp-block-spacer\"><\/div>\n\n\n\n<p class=\"has-text-align-center\">Trotta Racing Team - Design of the pits.<\/p>\n\n\n<div class=\"wp-block-image\">\n<figure class=\"aligncenter size-large\"><img loading=\"lazy\" decoding=\"async\" width=\"1024\" height=\"553\" src=\"https:\/\/mmmarketing.com.ar\/wp-content\/uploads\/2023\/07\/02-2-1024x553.jpg\" alt=\"\" class=\"wp-image-680\" srcset=\"https:\/\/mmmarketing.com.ar\/wp-content\/uploads\/2023\/07\/02-2-1024x553.jpg 1024w, https:\/\/mmmarketing.com.ar\/wp-content\/uploads\/2023\/07\/02-2-300x162.jpg 300w, https:\/\/mmmarketing.com.ar\/wp-content\/uploads\/2023\/07\/02-2-768x415.jpg 768w, https:\/\/mmmarketing.com.ar\/wp-content\/uploads\/2023\/07\/02-2.jpg 1500w\" sizes=\"auto, (max-width: 1024px) 100vw, 1024px\" \/><\/figure>\n<\/div>\n\n\n<div style=\"height:12px\" aria-hidden=\"true\" class=\"wp-block-spacer\"><\/div>\n\n\n\n<p class=\"has-text-align-center\">AUDI - Renovation of the stand and setup of the showroom in Pinamar, integral plotting of vehicles on display.<\/p>\n\n\n<div class=\"wp-block-image\">\n<figure class=\"aligncenter size-large\"><img loading=\"lazy\" decoding=\"async\" width=\"1024\" height=\"553\" src=\"https:\/\/mmmarketing.com.ar\/wp-content\/uploads\/2023\/07\/05-2-1024x553.jpg\" alt=\"\" class=\"wp-image-682\" srcset=\"https:\/\/mmmarketing.com.ar\/wp-content\/uploads\/2023\/07\/05-2-1024x553.jpg 1024w, https:\/\/mmmarketing.com.ar\/wp-content\/uploads\/2023\/07\/05-2-300x162.jpg 300w, https:\/\/mmmarketing.com.ar\/wp-content\/uploads\/2023\/07\/05-2-768x415.jpg 768w, https:\/\/mmmarketing.com.ar\/wp-content\/uploads\/2023\/07\/05-2.jpg 1500w\" sizes=\"auto, (max-width: 1024px) 100vw, 1024px\" \/><\/figure>\n<\/div><\/div>\n<\/div>\n\n\n\n<div style=\"height:12px\" aria-hidden=\"true\" class=\"wp-block-spacer\"><\/div>\n\n\n\n<p class=\"has-text-align-center\">Embassy of Australia - Design and setup of totems for events.<\/p>\n\n\n<div class=\"wp-block-image\">\n<figure class=\"aligncenter size-large\"><img loading=\"lazy\" decoding=\"async\" width=\"1024\" height=\"553\" src=\"https:\/\/mmmarketing.com.ar\/wp-content\/uploads\/2023\/07\/06-2-1024x553.jpg\" alt=\"\" class=\"wp-image-683\" srcset=\"https:\/\/mmmarketing.com.ar\/wp-content\/uploads\/2023\/07\/06-2-1024x553.jpg 1024w, https:\/\/mmmarketing.com.ar\/wp-content\/uploads\/2023\/07\/06-2-300x162.jpg 300w, https:\/\/mmmarketing.com.ar\/wp-content\/uploads\/2023\/07\/06-2-768x415.jpg 768w, https:\/\/mmmarketing.com.ar\/wp-content\/uploads\/2023\/07\/06-2.jpg 1500w\" sizes=\"auto, (max-width: 1024px) 100vw, 1024px\" \/><\/figure>\n<\/div>\n\n\n<div style=\"height:12px\" aria-hidden=\"true\" class=\"wp-block-spacer\"><\/div>\n\n\n\n<p class=\"has-text-align-center\">Essen Aluminio - Design, production and photography of cookbooks.<\/p>\n\n\n<div class=\"wp-block-image\">\n<figure class=\"aligncenter size-large\"><img loading=\"lazy\" decoding=\"async\" width=\"1024\" height=\"553\" src=\"https:\/\/mmmarketing.com.ar\/wp-content\/uploads\/2023\/07\/07-2-1024x553.jpg\" alt=\"\" class=\"wp-image-684\" srcset=\"https:\/\/mmmarketing.com.ar\/wp-content\/uploads\/2023\/07\/07-2-1024x553.jpg 1024w, https:\/\/mmmarketing.com.ar\/wp-content\/uploads\/2023\/07\/07-2-300x162.jpg 300w, https:\/\/mmmarketing.com.ar\/wp-content\/uploads\/2023\/07\/07-2-768x415.jpg 768w, https:\/\/mmmarketing.com.ar\/wp-content\/uploads\/2023\/07\/07-2.jpg 1500w\" sizes=\"auto, (max-width: 1024px) 100vw, 1024px\" \/><\/figure>\n<\/div>\n\n\n<div style=\"height:12px\" aria-hidden=\"true\" class=\"wp-block-spacer\"><\/div>\n\n\n\n<p class=\"has-text-align-center\">Essen Aluminio - Design, production and photography of product catalogues.<\/p>\n\n\n<div class=\"wp-block-image\">\n<figure class=\"aligncenter size-large\"><img loading=\"lazy\" decoding=\"async\" width=\"1024\" height=\"553\" src=\"https:\/\/mmmarketing.com.ar\/wp-content\/uploads\/2023\/07\/08-2-1024x553.jpg\" alt=\"\" class=\"wp-image-685\" srcset=\"https:\/\/mmmarketing.com.ar\/wp-content\/uploads\/2023\/07\/08-2-1024x553.jpg 1024w, https:\/\/mmmarketing.com.ar\/wp-content\/uploads\/2023\/07\/08-2-300x162.jpg 300w, https:\/\/mmmarketing.com.ar\/wp-content\/uploads\/2023\/07\/08-2-768x415.jpg 768w, https:\/\/mmmarketing.com.ar\/wp-content\/uploads\/2023\/07\/08-2.jpg 1500w\" sizes=\"auto, (max-width: 1024px) 100vw, 1024px\" \/><\/figure>\n<\/div>\n\n\n<div style=\"height:12px\" aria-hidden=\"true\" class=\"wp-block-spacer\"><\/div>\n\n\n\n<p class=\"has-text-align-center\">Essen Aluminio - Design and integral production for television.<\/p>\n\n\n<div class=\"wp-block-image\">\n<figure class=\"aligncenter size-large\"><img loading=\"lazy\" decoding=\"async\" width=\"1024\" height=\"553\" src=\"https:\/\/mmmarketing.com.ar\/wp-content\/uploads\/2023\/07\/09-2-1024x553.jpg\" alt=\"\" class=\"wp-image-686\" srcset=\"https:\/\/mmmarketing.com.ar\/wp-content\/uploads\/2023\/07\/09-2-1024x553.jpg 1024w, https:\/\/mmmarketing.com.ar\/wp-content\/uploads\/2023\/07\/09-2-300x162.jpg 300w, https:\/\/mmmarketing.com.ar\/wp-content\/uploads\/2023\/07\/09-2-768x415.jpg 768w, https:\/\/mmmarketing.com.ar\/wp-content\/uploads\/2023\/07\/09-2.jpg 1500w\" sizes=\"auto, (max-width: 1024px) 100vw, 1024px\" \/><\/figure>\n<\/div>\n\n\n<div style=\"height:12px\" aria-hidden=\"true\" class=\"wp-block-spacer\"><\/div>\n\n\n\n<p class=\"has-text-align-center\">Essen Aluminio - Design, production and photography of product catalogues.<\/p>\n\n\n<div class=\"wp-block-image\">\n<figure class=\"aligncenter size-large\"><img loading=\"lazy\" decoding=\"async\" width=\"1024\" height=\"553\" src=\"https:\/\/mmmarketing.com.ar\/wp-content\/uploads\/2023\/07\/10-2-1024x553.jpg\" alt=\"\" class=\"wp-image-687\" srcset=\"https:\/\/mmmarketing.com.ar\/wp-content\/uploads\/2023\/07\/10-2-1024x553.jpg 1024w, https:\/\/mmmarketing.com.ar\/wp-content\/uploads\/2023\/07\/10-2-300x162.jpg 300w, https:\/\/mmmarketing.com.ar\/wp-content\/uploads\/2023\/07\/10-2-768x415.jpg 768w, https:\/\/mmmarketing.com.ar\/wp-content\/uploads\/2023\/07\/10-2.jpg 1500w\" sizes=\"auto, (max-width: 1024px) 100vw, 1024px\" \/><\/figure>\n<\/div>\n\n\n<div style=\"height:12px\" aria-hidden=\"true\" class=\"wp-block-spacer\"><\/div>\n\n\n\n<p class=\"has-text-align-center\">Greenology - Graphic design and production of brand, corporate identity, logo, stationery and folder.<\/p>\n\n\n<div class=\"wp-block-image\">\n<figure class=\"aligncenter size-large\"><img loading=\"lazy\" decoding=\"async\" width=\"1024\" height=\"553\" src=\"https:\/\/mmmarketing.com.ar\/wp-content\/uploads\/2023\/07\/11-2-1024x553.jpg\" alt=\"\" class=\"wp-image-688\" srcset=\"https:\/\/mmmarketing.com.ar\/wp-content\/uploads\/2023\/07\/11-2-1024x553.jpg 1024w, https:\/\/mmmarketing.com.ar\/wp-content\/uploads\/2023\/07\/11-2-300x162.jpg 300w, https:\/\/mmmarketing.com.ar\/wp-content\/uploads\/2023\/07\/11-2-768x415.jpg 768w, https:\/\/mmmarketing.com.ar\/wp-content\/uploads\/2023\/07\/11-2.jpg 1500w\" sizes=\"auto, (max-width: 1024px) 100vw, 1024px\" \/><\/figure>\n<\/div>\n\n\n<div style=\"height:12px\" aria-hidden=\"true\" class=\"wp-block-spacer\"><\/div>\n\n\n\n<p class=\"has-text-align-center\">Moura Batteries - Integral development of the Moura Golf Cup, marketing, advertising, promotion and awards ceremony.<\/p>\n\n\n<div class=\"wp-block-image\">\n<figure class=\"aligncenter size-large\"><img loading=\"lazy\" decoding=\"async\" width=\"1024\" height=\"553\" src=\"https:\/\/mmmarketing.com.ar\/wp-content\/uploads\/2023\/07\/12-2-1024x553.jpg\" alt=\"\" class=\"wp-image-689\" srcset=\"https:\/\/mmmarketing.com.ar\/wp-content\/uploads\/2023\/07\/12-2-1024x553.jpg 1024w, https:\/\/mmmarketing.com.ar\/wp-content\/uploads\/2023\/07\/12-2-300x162.jpg 300w, https:\/\/mmmarketing.com.ar\/wp-content\/uploads\/2023\/07\/12-2-768x415.jpg 768w, https:\/\/mmmarketing.com.ar\/wp-content\/uploads\/2023\/07\/12-2.jpg 1500w\" sizes=\"auto, (max-width: 1024px) 100vw, 1024px\" \/><\/figure>\n<\/div>\n\n\n<div style=\"height:12px\" aria-hidden=\"true\" class=\"wp-block-spacer\"><\/div>\n\n\n\n<p class=\"has-text-align-center\">Tramontina - Displays for pans of the Lyon line.<\/p>\n\n\n<div class=\"wp-block-image\">\n<figure class=\"aligncenter size-large\"><img loading=\"lazy\" decoding=\"async\" width=\"1024\" height=\"553\" src=\"https:\/\/mmmarketing.com.ar\/wp-content\/uploads\/2023\/07\/13-1-1024x553.jpg\" alt=\"\" class=\"wp-image-690\" srcset=\"https:\/\/mmmarketing.com.ar\/wp-content\/uploads\/2023\/07\/13-1-1024x553.jpg 1024w, https:\/\/mmmarketing.com.ar\/wp-content\/uploads\/2023\/07\/13-1-300x162.jpg 300w, https:\/\/mmmarketing.com.ar\/wp-content\/uploads\/2023\/07\/13-1-768x415.jpg 768w, https:\/\/mmmarketing.com.ar\/wp-content\/uploads\/2023\/07\/13-1.jpg 1500w\" sizes=\"auto, (max-width: 1024px) 100vw, 1024px\" \/><\/figure>\n<\/div>\n\n\n<div style=\"height:12px\" aria-hidden=\"true\" class=\"wp-block-spacer\"><\/div>\n\n\n\n<p class=\"has-text-align-center\">ACTC - Plotting of the vehicle fleet.<\/p>\n<\/div>\n<\/div>","protected":false},"excerpt":{"rendered":"<p>GRAPHIC DESIGN Tenemos todas las herramientas necesarias para crear dise\u00f1os que provoquen admiraci\u00f3n hacia tu marca.Nuestro objetivo ser\u00e1 el de trabajar en la soluci\u00f3n que m\u00e1s se ajuste a tus necesidades de comunicaci\u00f3n visual. &nbsp;Cubrimos todos los aspectos de la imagen corporativa, brindando a tu empresa los recursos fundamentales para mejorar su competitividad. Obra de&hellip;&nbsp;<a href=\"https:\/\/mmmarketing.com.ar\/en\/graphic-design\/\" class=\"\" rel=\"bookmark\">Read More &raquo;<span class=\"screen-reader-text\">graphic-design<\/span><\/a><\/p>","protected":false},"author":1,"featured_media":0,"parent":0,"menu_order":0,"comment_status":"closed","ping_status":"closed","template":"","meta":{"neve_meta_sidebar":"","neve_meta_container":"","neve_meta_enable_content_width":"","neve_meta_content_width":0,"neve_meta_title_alignment":"","neve_meta_author_avatar":"","neve_post_elements_order":"","neve_meta_disable_header":"","neve_meta_disable_footer":"","neve_meta_disable_title":"on","_themeisle_gutenberg_block_has_review":false,"footnotes":""},"class_list":["post-597","page","type-page","status-publish","hentry"],"yoast_head":"<!-- This site is optimized with the Yoast SEO plugin v20.8 - https:\/\/yoast.com\/wordpress\/plugins\/seo\/ -->\n<title>graphic-design - MM Marketing &amp; Comunicaci\u00f3n<\/title>\n<meta name=\"robots\" content=\"index, follow, max-snippet:-1, max-image-preview:large, max-video-preview:-1\" \/>\n<link rel=\"canonical\" href=\"https:\/\/mmmarketing.com.ar\/en\/graphic-design\/\" \/>\n<meta property=\"og:locale\" content=\"en_US\" \/>\n<meta property=\"og:type\" content=\"article\" \/>\n<meta property=\"og:title\" content=\"graphic-design - MM Marketing &amp; Comunicaci\u00f3n\" \/>\n<meta property=\"og:description\" content=\"GRAPHIC DESIGN Tenemos todas las herramientas necesarias para crear dise\u00f1os que provoquen admiraci\u00f3n hacia tu marca.Nuestro objetivo ser\u00e1 el de trabajar en la soluci\u00f3n que m\u00e1s se ajuste a tus necesidades de comunicaci\u00f3n visual. &nbsp;Cubrimos todos los aspectos de la imagen corporativa, brindando a tu empresa los recursos fundamentales para mejorar su competitividad. Obra de&hellip;&nbsp;Read More &raquo;graphic-design\" \/>\n<meta property=\"og:url\" content=\"https:\/\/mmmarketing.com.ar\/en\/graphic-design\/\" \/>\n<meta property=\"og:site_name\" content=\"MM Marketing &amp; Comunicaci\u00f3n\" \/>\n<meta property=\"article:modified_time\" content=\"2023-07-20T18:05:16+00:00\" \/>\n<meta property=\"og:image\" content=\"https:\/\/mmmarketing.com.ar\/wp-content\/uploads\/2023\/07\/01-3-1024x553.jpg\" \/>\n<meta name=\"twitter:card\" content=\"summary_large_image\" \/>\n<meta name=\"twitter:label1\" content=\"Est. reading time\" \/>\n\t<meta name=\"twitter:data1\" content=\"4 minutes\" \/>\n<script type=\"application\/ld+json\" class=\"yoast-schema-graph\">{\"@context\":\"https:\/\/schema.org\",\"@graph\":[{\"@type\":\"WebPage\",\"@id\":\"https:\/\/mmmarketing.com.ar\/graphic-design\/\",\"url\":\"https:\/\/mmmarketing.com.ar\/graphic-design\/\",\"name\":\"graphic-design - MM Marketing &amp; Comunicaci\u00f3n\",\"isPartOf\":{\"@id\":\"https:\/\/mmmarketing.com.ar\/#website\"},\"datePublished\":\"2023-07-13T23:14:25+00:00\",\"dateModified\":\"2023-07-20T18:05:16+00:00\",\"breadcrumb\":{\"@id\":\"https:\/\/mmmarketing.com.ar\/graphic-design\/#breadcrumb\"},\"inLanguage\":\"en-US\",\"potentialAction\":[{\"@type\":\"ReadAction\",\"target\":[\"https:\/\/mmmarketing.com.ar\/graphic-design\/\"]}]},{\"@type\":\"BreadcrumbList\",\"@id\":\"https:\/\/mmmarketing.com.ar\/graphic-design\/#breadcrumb\",\"itemListElement\":[{\"@type\":\"ListItem\",\"position\":1,\"name\":\"Inicio\",\"item\":\"https:\/\/mmmarketing.com.ar\/\"},{\"@type\":\"ListItem\",\"position\":2,\"name\":\"graphic-design\"}]},{\"@type\":\"WebSite\",\"@id\":\"https:\/\/mmmarketing.com.ar\/#website\",\"url\":\"https:\/\/mmmarketing.com.ar\/\",\"name\":\"MM Marketing &amp; Comunicaci\u00f3n\",\"description\":\"Contact Center Omnicanal\",\"publisher\":{\"@id\":\"https:\/\/mmmarketing.com.ar\/#organization\"},\"potentialAction\":[{\"@type\":\"SearchAction\",\"target\":{\"@type\":\"EntryPoint\",\"urlTemplate\":\"https:\/\/mmmarketing.com.ar\/?s={search_term_string}\"},\"query-input\":\"required name=search_term_string\"}],\"inLanguage\":\"en-US\"},{\"@type\":\"Organization\",\"@id\":\"https:\/\/mmmarketing.com.ar\/#organization\",\"name\":\"MM Marketing &amp; Comunicaci\u00f3n\",\"url\":\"https:\/\/mmmarketing.com.ar\/\",\"logo\":{\"@type\":\"ImageObject\",\"inLanguage\":\"en-US\",\"@id\":\"https:\/\/mmmarketing.com.ar\/#\/schema\/logo\/image\/\",\"url\":\"\",\"contentUrl\":\"\",\"caption\":\"MM Marketing &amp; Comunicaci\u00f3n\"},\"image\":{\"@id\":\"https:\/\/mmmarketing.com.ar\/#\/schema\/logo\/image\/\"}}]}<\/script>\n<!-- \/ Yoast SEO plugin. -->","yoast_head_json":{"title":"graphic-design - MM Marketing &amp; Comunicaci\u00f3n","robots":{"index":"index","follow":"follow","max-snippet":"max-snippet:-1","max-image-preview":"max-image-preview:large","max-video-preview":"max-video-preview:-1"},"canonical":"https:\/\/mmmarketing.com.ar\/en\/graphic-design\/","og_locale":"en_US","og_type":"article","og_title":"graphic-design - MM Marketing &amp; Comunicaci\u00f3n","og_description":"GRAPHIC DESIGN Tenemos todas las herramientas necesarias para crear dise\u00f1os que provoquen admiraci\u00f3n hacia tu marca.Nuestro objetivo ser\u00e1 el de trabajar en la soluci\u00f3n que m\u00e1s se ajuste a tus necesidades de comunicaci\u00f3n visual. &nbsp;Cubrimos todos los aspectos de la imagen corporativa, brindando a tu empresa los recursos fundamentales para mejorar su competitividad. Obra de&hellip;&nbsp;Read More &raquo;graphic-design","og_url":"https:\/\/mmmarketing.com.ar\/en\/graphic-design\/","og_site_name":"MM Marketing &amp; Comunicaci\u00f3n","article_modified_time":"2023-07-20T18:05:16+00:00","og_image":[{"url":"https:\/\/mmmarketing.com.ar\/wp-content\/uploads\/2023\/07\/01-3-1024x553.jpg"}],"twitter_card":"summary_large_image","twitter_misc":{"Est. reading time":"4 minutes"},"schema":{"@context":"https:\/\/schema.org","@graph":[{"@type":"WebPage","@id":"https:\/\/mmmarketing.com.ar\/graphic-design\/","url":"https:\/\/mmmarketing.com.ar\/graphic-design\/","name":"graphic-design - MM Marketing &amp; Comunicaci\u00f3n","isPartOf":{"@id":"https:\/\/mmmarketing.com.ar\/#website"},"datePublished":"2023-07-13T23:14:25+00:00","dateModified":"2023-07-20T18:05:16+00:00","breadcrumb":{"@id":"https:\/\/mmmarketing.com.ar\/graphic-design\/#breadcrumb"},"inLanguage":"en-US","potentialAction":[{"@type":"ReadAction","target":["https:\/\/mmmarketing.com.ar\/graphic-design\/"]}]},{"@type":"BreadcrumbList","@id":"https:\/\/mmmarketing.com.ar\/graphic-design\/#breadcrumb","itemListElement":[{"@type":"ListItem","position":1,"name":"Inicio","item":"https:\/\/mmmarketing.com.ar\/"},{"@type":"ListItem","position":2,"name":"graphic-design"}]},{"@type":"WebSite","@id":"https:\/\/mmmarketing.com.ar\/#website","url":"https:\/\/mmmarketing.com.ar\/","name":"MM Marketing &amp; Comunicaci\u00f3n","description":"Contact Center Omnicanal","publisher":{"@id":"https:\/\/mmmarketing.com.ar\/#organization"},"potentialAction":[{"@type":"SearchAction","target":{"@type":"EntryPoint","urlTemplate":"https:\/\/mmmarketing.com.ar\/?s={search_term_string}"},"query-input":"required name=search_term_string"}],"inLanguage":"en-US"},{"@type":"Organization","@id":"https:\/\/mmmarketing.com.ar\/#organization","name":"MM Marketing &amp; Comunicaci\u00f3n","url":"https:\/\/mmmarketing.com.ar\/","logo":{"@type":"ImageObject","inLanguage":"en-US","@id":"https:\/\/mmmarketing.com.ar\/#\/schema\/logo\/image\/","url":"","contentUrl":"","caption":"MM Marketing &amp; Comunicaci\u00f3n"},"image":{"@id":"https:\/\/mmmarketing.com.ar\/#\/schema\/logo\/image\/"}}]}},"_links":{"self":[{"href":"https:\/\/mmmarketing.com.ar\/en\/wp-json\/wp\/v2\/pages\/597","targetHints":{"allow":["GET"]}}],"collection":[{"href":"https:\/\/mmmarketing.com.ar\/en\/wp-json\/wp\/v2\/pages"}],"about":[{"href":"https:\/\/mmmarketing.com.ar\/en\/wp-json\/wp\/v2\/types\/page"}],"author":[{"embeddable":true,"href":"https:\/\/mmmarketing.com.ar\/en\/wp-json\/wp\/v2\/users\/1"}],"replies":[{"embeddable":true,"href":"https:\/\/mmmarketing.com.ar\/en\/wp-json\/wp\/v2\/comments?post=597"}],"version-history":[{"count":0,"href":"https:\/\/mmmarketing.com.ar\/en\/wp-json\/wp\/v2\/pages\/597\/revisions"}],"wp:attachment":[{"href":"https:\/\/mmmarketing.com.ar\/en\/wp-json\/wp\/v2\/media?parent=597"}],"curies":[{"name":"wp","href":"https:\/\/api.w.org\/{rel}","templated":true}]}}