{"id":692,"date":"2023-07-14T14:59:03","date_gmt":"2023-07-14T17:59:03","guid":{"rendered":"https:\/\/mmmarketing.com.ar\/?page_id=692"},"modified":"2023-07-20T15:05:44","modified_gmt":"2023-07-20T18:05:44","slug":"websites","status":"publish","type":"page","link":"https:\/\/mmmarketing.com.ar\/en\/websites\/","title":{"rendered":"websites"},"content":{"rendered":"<div style=\"height:50px\" aria-hidden=\"true\" class=\"wp-block-spacer\"><\/div>\n\n\n\n<div class=\"wp-block-columns is-layout-flex wp-container-core-columns-is-layout-9d6595d7 wp-block-columns-is-layout-flex\">\n<div class=\"wp-block-column is-layout-flow wp-block-column-is-layout-flow\"><\/div>\n\n\n\n<div class=\"wp-block-column is-layout-flow wp-block-column-is-layout-flow\">\n<p class=\"has-text-align-center has-large-font-size\">WEBSITES<\/p>\n\n\n\n<p class=\"translation-block\">We apply marketing strategies taken to digital media using the latest technology.\nWe develop effective websites, landings and microsites to facilitate navigability and optimize results.<\/p>\n<\/div>\n\n\n\n<div class=\"wp-block-column is-layout-flow wp-block-column-is-layout-flow\"><\/div>\n<\/div>\n\n\n\n<div class=\"wp-block-columns is-layout-flex wp-container-core-columns-is-layout-9d6595d7 wp-block-columns-is-layout-flex\">\n<div class=\"wp-block-column is-layout-flow wp-block-column-is-layout-flow\">\n<div class=\"wp-block-columns is-layout-flex wp-container-core-columns-is-layout-9d6595d7 wp-block-columns-is-layout-flex\">\n<div class=\"wp-block-column is-layout-flow wp-block-column-is-layout-flow\"><div class=\"wp-block-image\">\n<figure class=\"aligncenter size-large\"><img loading=\"lazy\" decoding=\"async\" width=\"1024\" height=\"553\" src=\"https:\/\/mmmarketing.com.ar\/wp-content\/uploads\/2023\/07\/webBOSQUI-1024x553.jpg\" alt=\"\" class=\"wp-image-695\" srcset=\"https:\/\/mmmarketing.com.ar\/wp-content\/uploads\/2023\/07\/webBOSQUI-1024x553.jpg 1024w, https:\/\/mmmarketing.com.ar\/wp-content\/uploads\/2023\/07\/webBOSQUI-300x162.jpg 300w, https:\/\/mmmarketing.com.ar\/wp-content\/uploads\/2023\/07\/webBOSQUI-768x415.jpg 768w, https:\/\/mmmarketing.com.ar\/wp-content\/uploads\/2023\/07\/webBOSQUI.jpg 1500w\" sizes=\"auto, (max-width: 1024px) 100vw, 1024px\" \/><\/figure>\n<\/div>\n\n\n<div style=\"height:100px\" aria-hidden=\"true\" class=\"wp-block-spacer\"><\/div>\n\n\n<div class=\"wp-block-image\">\n<figure class=\"aligncenter size-large\"><img loading=\"lazy\" decoding=\"async\" width=\"1024\" height=\"553\" src=\"https:\/\/mmmarketing.com.ar\/wp-content\/uploads\/2023\/07\/webFAEN-1024x553.jpg\" alt=\"\" class=\"wp-image-696\" srcset=\"https:\/\/mmmarketing.com.ar\/wp-content\/uploads\/2023\/07\/webFAEN-1024x553.jpg 1024w, https:\/\/mmmarketing.com.ar\/wp-content\/uploads\/2023\/07\/webFAEN-300x162.jpg 300w, https:\/\/mmmarketing.com.ar\/wp-content\/uploads\/2023\/07\/webFAEN-768x415.jpg 768w, https:\/\/mmmarketing.com.ar\/wp-content\/uploads\/2023\/07\/webFAEN.jpg 1500w\" sizes=\"auto, (max-width: 1024px) 100vw, 1024px\" \/><\/figure>\n<\/div>\n\n\n<div style=\"height:100px\" aria-hidden=\"true\" class=\"wp-block-spacer\"><\/div>\n\n\n<div class=\"wp-block-image\">\n<figure class=\"aligncenter size-large\"><img loading=\"lazy\" decoding=\"async\" width=\"1024\" height=\"553\" src=\"https:\/\/mmmarketing.com.ar\/wp-content\/uploads\/2023\/07\/webGLSB-1024x553.jpg\" alt=\"\" class=\"wp-image-697\" srcset=\"https:\/\/mmmarketing.com.ar\/wp-content\/uploads\/2023\/07\/webGLSB-1024x553.jpg 1024w, https:\/\/mmmarketing.com.ar\/wp-content\/uploads\/2023\/07\/webGLSB-300x162.jpg 300w, https:\/\/mmmarketing.com.ar\/wp-content\/uploads\/2023\/07\/webGLSB-768x415.jpg 768w, https:\/\/mmmarketing.com.ar\/wp-content\/uploads\/2023\/07\/webGLSB.jpg 1500w\" sizes=\"auto, (max-width: 1024px) 100vw, 1024px\" \/><\/figure>\n<\/div>\n\n\n<div style=\"height:100px\" aria-hidden=\"true\" class=\"wp-block-spacer\"><\/div>\n\n\n<div class=\"wp-block-image\">\n<figure class=\"aligncenter size-large\"><img loading=\"lazy\" decoding=\"async\" width=\"1024\" height=\"553\" src=\"https:\/\/mmmarketing.com.ar\/wp-content\/uploads\/2023\/07\/webUW-1024x553.jpg\" alt=\"\" class=\"wp-image-698\" srcset=\"https:\/\/mmmarketing.com.ar\/wp-content\/uploads\/2023\/07\/webUW-1024x553.jpg 1024w, https:\/\/mmmarketing.com.ar\/wp-content\/uploads\/2023\/07\/webUW-300x162.jpg 300w, https:\/\/mmmarketing.com.ar\/wp-content\/uploads\/2023\/07\/webUW-768x415.jpg 768w, https:\/\/mmmarketing.com.ar\/wp-content\/uploads\/2023\/07\/webUW.jpg 1500w\" sizes=\"auto, (max-width: 1024px) 100vw, 1024px\" \/><\/figure>\n<\/div>\n\n\n<div style=\"height:80px\" aria-hidden=\"true\" class=\"wp-block-spacer\"><\/div>\n<\/div>\n<\/div>\n<\/div>\n<\/div>","protected":false},"excerpt":{"rendered":"<p>WEBSITES Aplicamos estrategias de comercializaci\u00f3n llevadas a los medios digitales usando las \u00faltimas tecnolog\u00edas.Desarrollamos webs, landings y micrositios efectivos para facilitar la navegabilidad y optimizar los resultados.<\/p>","protected":false},"author":1,"featured_media":0,"parent":0,"menu_order":0,"comment_status":"closed","ping_status":"closed","template":"","meta":{"neve_meta_sidebar":"","neve_meta_container":"","neve_meta_enable_content_width":"","neve_meta_content_width":0,"neve_meta_title_alignment":"","neve_meta_author_avatar":"","neve_post_elements_order":"","neve_meta_disable_header":"","neve_meta_disable_footer":"","neve_meta_disable_title":"on","_themeisle_gutenberg_block_has_review":false,"footnotes":""},"class_list":["post-692","page","type-page","status-publish","hentry"],"yoast_head":"<!-- This site is optimized with the Yoast SEO plugin v20.8 - https:\/\/yoast.com\/wordpress\/plugins\/seo\/ -->\n<title>websites - MM Marketing &amp; Comunicaci\u00f3n<\/title>\n<meta name=\"robots\" content=\"index, follow, max-snippet:-1, max-image-preview:large, max-video-preview:-1\" \/>\n<link rel=\"canonical\" href=\"https:\/\/mmmarketing.com.ar\/en\/websites\/\" \/>\n<meta property=\"og:locale\" content=\"en_US\" \/>\n<meta property=\"og:type\" content=\"article\" \/>\n<meta property=\"og:title\" content=\"websites - MM Marketing &amp; Comunicaci\u00f3n\" \/>\n<meta property=\"og:description\" content=\"WEBSITES Aplicamos estrategias de comercializaci\u00f3n llevadas a los medios digitales usando las \u00faltimas tecnolog\u00edas.Desarrollamos webs, landings y micrositios efectivos para facilitar la navegabilidad y optimizar los resultados.\" \/>\n<meta property=\"og:url\" content=\"https:\/\/mmmarketing.com.ar\/en\/websites\/\" \/>\n<meta property=\"og:site_name\" content=\"MM Marketing &amp; Comunicaci\u00f3n\" \/>\n<meta property=\"article:modified_time\" content=\"2023-07-20T18:05:44+00:00\" \/>\n<meta property=\"og:image\" content=\"https:\/\/mmmarketing.com.ar\/wp-content\/uploads\/2023\/07\/webBOSQUI-1024x553.jpg\" \/>\n<meta name=\"twitter:card\" content=\"summary_large_image\" \/>\n<meta name=\"twitter:label1\" content=\"Est. reading time\" \/>\n\t<meta name=\"twitter:data1\" content=\"1 minute\" \/>\n<script type=\"application\/ld+json\" class=\"yoast-schema-graph\">{\"@context\":\"https:\/\/schema.org\",\"@graph\":[{\"@type\":\"WebPage\",\"@id\":\"https:\/\/mmmarketing.com.ar\/websites\/\",\"url\":\"https:\/\/mmmarketing.com.ar\/websites\/\",\"name\":\"websites - MM Marketing &amp; Comunicaci\u00f3n\",\"isPartOf\":{\"@id\":\"https:\/\/mmmarketing.com.ar\/#website\"},\"datePublished\":\"2023-07-14T17:59:03+00:00\",\"dateModified\":\"2023-07-20T18:05:44+00:00\",\"breadcrumb\":{\"@id\":\"https:\/\/mmmarketing.com.ar\/websites\/#breadcrumb\"},\"inLanguage\":\"en-US\",\"potentialAction\":[{\"@type\":\"ReadAction\",\"target\":[\"https:\/\/mmmarketing.com.ar\/websites\/\"]}]},{\"@type\":\"BreadcrumbList\",\"@id\":\"https:\/\/mmmarketing.com.ar\/websites\/#breadcrumb\",\"itemListElement\":[{\"@type\":\"ListItem\",\"position\":1,\"name\":\"Inicio\",\"item\":\"https:\/\/mmmarketing.com.ar\/\"},{\"@type\":\"ListItem\",\"position\":2,\"name\":\"websites\"}]},{\"@type\":\"WebSite\",\"@id\":\"https:\/\/mmmarketing.com.ar\/#website\",\"url\":\"https:\/\/mmmarketing.com.ar\/\",\"name\":\"MM Marketing &amp; Comunicaci\u00f3n\",\"description\":\"Contact Center Omnicanal\",\"publisher\":{\"@id\":\"https:\/\/mmmarketing.com.ar\/#organization\"},\"potentialAction\":[{\"@type\":\"SearchAction\",\"target\":{\"@type\":\"EntryPoint\",\"urlTemplate\":\"https:\/\/mmmarketing.com.ar\/?s={search_term_string}\"},\"query-input\":\"required name=search_term_string\"}],\"inLanguage\":\"en-US\"},{\"@type\":\"Organization\",\"@id\":\"https:\/\/mmmarketing.com.ar\/#organization\",\"name\":\"MM Marketing &amp; Comunicaci\u00f3n\",\"url\":\"https:\/\/mmmarketing.com.ar\/\",\"logo\":{\"@type\":\"ImageObject\",\"inLanguage\":\"en-US\",\"@id\":\"https:\/\/mmmarketing.com.ar\/#\/schema\/logo\/image\/\",\"url\":\"\",\"contentUrl\":\"\",\"caption\":\"MM Marketing &amp; Comunicaci\u00f3n\"},\"image\":{\"@id\":\"https:\/\/mmmarketing.com.ar\/#\/schema\/logo\/image\/\"}}]}<\/script>\n<!-- \/ Yoast SEO plugin. -->","yoast_head_json":{"title":"websites - MM Marketing &amp; Comunicaci\u00f3n","robots":{"index":"index","follow":"follow","max-snippet":"max-snippet:-1","max-image-preview":"max-image-preview:large","max-video-preview":"max-video-preview:-1"},"canonical":"https:\/\/mmmarketing.com.ar\/en\/websites\/","og_locale":"en_US","og_type":"article","og_title":"websites - MM Marketing &amp; Comunicaci\u00f3n","og_description":"WEBSITES Aplicamos estrategias de comercializaci\u00f3n llevadas a los medios digitales usando las \u00faltimas tecnolog\u00edas.Desarrollamos webs, landings y micrositios efectivos para facilitar la navegabilidad y optimizar los resultados.","og_url":"https:\/\/mmmarketing.com.ar\/en\/websites\/","og_site_name":"MM Marketing &amp; Comunicaci\u00f3n","article_modified_time":"2023-07-20T18:05:44+00:00","og_image":[{"url":"https:\/\/mmmarketing.com.ar\/wp-content\/uploads\/2023\/07\/webBOSQUI-1024x553.jpg"}],"twitter_card":"summary_large_image","twitter_misc":{"Est. reading time":"1 minute"},"schema":{"@context":"https:\/\/schema.org","@graph":[{"@type":"WebPage","@id":"https:\/\/mmmarketing.com.ar\/websites\/","url":"https:\/\/mmmarketing.com.ar\/websites\/","name":"websites - MM Marketing &amp; Comunicaci\u00f3n","isPartOf":{"@id":"https:\/\/mmmarketing.com.ar\/#website"},"datePublished":"2023-07-14T17:59:03+00:00","dateModified":"2023-07-20T18:05:44+00:00","breadcrumb":{"@id":"https:\/\/mmmarketing.com.ar\/websites\/#breadcrumb"},"inLanguage":"en-US","potentialAction":[{"@type":"ReadAction","target":["https:\/\/mmmarketing.com.ar\/websites\/"]}]},{"@type":"BreadcrumbList","@id":"https:\/\/mmmarketing.com.ar\/websites\/#breadcrumb","itemListElement":[{"@type":"ListItem","position":1,"name":"Inicio","item":"https:\/\/mmmarketing.com.ar\/"},{"@type":"ListItem","position":2,"name":"websites"}]},{"@type":"WebSite","@id":"https:\/\/mmmarketing.com.ar\/#website","url":"https:\/\/mmmarketing.com.ar\/","name":"MM Marketing &amp; Comunicaci\u00f3n","description":"Contact Center Omnicanal","publisher":{"@id":"https:\/\/mmmarketing.com.ar\/#organization"},"potentialAction":[{"@type":"SearchAction","target":{"@type":"EntryPoint","urlTemplate":"https:\/\/mmmarketing.com.ar\/?s={search_term_string}"},"query-input":"required name=search_term_string"}],"inLanguage":"en-US"},{"@type":"Organization","@id":"https:\/\/mmmarketing.com.ar\/#organization","name":"MM Marketing &amp; Comunicaci\u00f3n","url":"https:\/\/mmmarketing.com.ar\/","logo":{"@type":"ImageObject","inLanguage":"en-US","@id":"https:\/\/mmmarketing.com.ar\/#\/schema\/logo\/image\/","url":"","contentUrl":"","caption":"MM Marketing &amp; Comunicaci\u00f3n"},"image":{"@id":"https:\/\/mmmarketing.com.ar\/#\/schema\/logo\/image\/"}}]}},"_links":{"self":[{"href":"https:\/\/mmmarketing.com.ar\/en\/wp-json\/wp\/v2\/pages\/692","targetHints":{"allow":["GET"]}}],"collection":[{"href":"https:\/\/mmmarketing.com.ar\/en\/wp-json\/wp\/v2\/pages"}],"about":[{"href":"https:\/\/mmmarketing.com.ar\/en\/wp-json\/wp\/v2\/types\/page"}],"author":[{"embeddable":true,"href":"https:\/\/mmmarketing.com.ar\/en\/wp-json\/wp\/v2\/users\/1"}],"replies":[{"embeddable":true,"href":"https:\/\/mmmarketing.com.ar\/en\/wp-json\/wp\/v2\/comments?post=692"}],"version-history":[{"count":0,"href":"https:\/\/mmmarketing.com.ar\/en\/wp-json\/wp\/v2\/pages\/692\/revisions"}],"wp:attachment":[{"href":"https:\/\/mmmarketing.com.ar\/en\/wp-json\/wp\/v2\/media?parent=692"}],"curies":[{"name":"wp","href":"https:\/\/api.w.org\/{rel}","templated":true}]}}